{"id":216083,"date":"2018-04-12T13:25:55","date_gmt":"2018-04-12T13:25:55","guid":{"rendered":"https:\/\/puuartisti.fi\/tyopoyta-saarnista\/"},"modified":"2019-02-22T10:59:43","modified_gmt":"2019-02-22T10:59:43","slug":"ash-work-desk","status":"publish","type":"page","link":"https:\/\/puuartisti.fi\/en\/ash-work-desk\/","title":{"rendered":"Ash Work Desk"},"content":{"rendered":"<p>[et_pb_section bb_built=&#8221;1&#8243; specialty=&#8221;off&#8221; _builder_version=&#8221;3.19.15&#8243; module_class=&#8221;product-title&#8221; disabled=&#8221;off&#8221; disabled_on=&#8221;on||&#8221; next_background_color=&#8221;#000000&#8243;][et_pb_row _builder_version=&#8221;3.0.105&#8243; use_custom_gutter=&#8221;on&#8221; gutter_width=&#8221;2&#8243;][et_pb_column type=&#8221;1_4&#8243;][et_pb_button admin_label=&#8221;ALL PROJECTS Button&#8221; _builder_version=&#8221;3.19.15&#8243; button_text=&#8221;ALL PROJECTS&#8221; custom_button=&#8221;on&#8221; button_icon_placement=&#8221;left&#8221; module_class=&#8221;product-back-button&#8221; button_icon=&#8221;%%19%%&#8221; button_url=&#8221;\/en\/custom-projects\/&#8221; button_text_size__hover_enabled=&#8221;off&#8221; button_text_size__hover=&#8221;null&#8221; button_one_text_size__hover_enabled=&#8221;off&#8221; button_one_text_size__hover=&#8221;null&#8221; button_two_text_size__hover_enabled=&#8221;off&#8221; button_two_text_size__hover=&#8221;null&#8221; button_text_color__hover_enabled=&#8221;off&#8221; button_text_color__hover=&#8221;null&#8221; button_one_text_color__hover_enabled=&#8221;off&#8221; button_one_text_color__hover=&#8221;null&#8221; button_two_text_color__hover_enabled=&#8221;off&#8221; button_two_text_color__hover=&#8221;null&#8221; button_border_width__hover_enabled=&#8221;off&#8221; button_border_width__hover=&#8221;null&#8221; button_one_border_width__hover_enabled=&#8221;off&#8221; button_one_border_width__hover=&#8221;null&#8221; button_two_border_width__hover_enabled=&#8221;off&#8221; button_two_border_width__hover=&#8221;null&#8221; button_border_color__hover_enabled=&#8221;off&#8221; button_border_color__hover=&#8221;null&#8221; button_one_border_color__hover_enabled=&#8221;off&#8221; button_one_border_color__hover=&#8221;null&#8221; button_two_border_color__hover_enabled=&#8221;off&#8221; button_two_border_color__hover=&#8221;null&#8221; button_border_radius__hover_enabled=&#8221;off&#8221; button_border_radius__hover=&#8221;null&#8221; button_one_border_radius__hover_enabled=&#8221;off&#8221; button_one_border_radius__hover=&#8221;null&#8221; button_two_border_radius__hover_enabled=&#8221;off&#8221; button_two_border_radius__hover=&#8221;null&#8221; button_letter_spacing__hover_enabled=&#8221;off&#8221; button_letter_spacing__hover=&#8221;null&#8221; button_one_letter_spacing__hover_enabled=&#8221;off&#8221; button_one_letter_spacing__hover=&#8221;null&#8221; button_two_letter_spacing__hover_enabled=&#8221;off&#8221; button_two_letter_spacing__hover=&#8221;null&#8221; button_bg_color__hover_enabled=&#8221;off&#8221; button_bg_color__hover=&#8221;null&#8221; button_one_bg_color__hover_enabled=&#8221;off&#8221; button_one_bg_color__hover=&#8221;null&#8221; button_two_bg_color__hover_enabled=&#8221;off&#8221; button_two_bg_color__hover=&#8221;null&#8221; \/][\/et_pb_column][et_pb_column type=&#8221;1_2&#8243;][\/et_pb_column][et_pb_column type=&#8221;1_4&#8243;][et_pb_button admin_label=&#8221;Ask for an offer&#8221; _builder_version=&#8221;3.19.15&#8243; button_text=&#8221;Ask for an offer&#8221; button_alignment=&#8221;left&#8221; module_class=&#8221;button_title_product&#8221; button_url=&#8221;\/en\/contact-us\/&#8221; button_text_size__hover_enabled=&#8221;off&#8221; button_text_size__hover=&#8221;null&#8221; button_one_text_size__hover_enabled=&#8221;off&#8221; button_one_text_size__hover=&#8221;null&#8221; button_two_text_size__hover_enabled=&#8221;off&#8221; button_two_text_size__hover=&#8221;null&#8221; button_text_color__hover_enabled=&#8221;off&#8221; button_text_color__hover=&#8221;null&#8221; button_one_text_color__hover_enabled=&#8221;off&#8221; button_one_text_color__hover=&#8221;null&#8221; button_two_text_color__hover_enabled=&#8221;off&#8221; button_two_text_color__hover=&#8221;null&#8221; button_border_width__hover_enabled=&#8221;off&#8221; button_border_width__hover=&#8221;null&#8221; button_one_border_width__hover_enabled=&#8221;off&#8221; button_one_border_width__hover=&#8221;null&#8221; button_two_border_width__hover_enabled=&#8221;off&#8221; button_two_border_width__hover=&#8221;null&#8221; button_border_color__hover_enabled=&#8221;off&#8221; button_border_color__hover=&#8221;null&#8221; button_one_border_color__hover_enabled=&#8221;off&#8221; button_one_border_color__hover=&#8221;null&#8221; button_two_border_color__hover_enabled=&#8221;off&#8221; button_two_border_color__hover=&#8221;null&#8221; button_border_radius__hover_enabled=&#8221;off&#8221; button_border_radius__hover=&#8221;null&#8221; button_one_border_radius__hover_enabled=&#8221;off&#8221; button_one_border_radius__hover=&#8221;null&#8221; button_two_border_radius__hover_enabled=&#8221;off&#8221; button_two_border_radius__hover=&#8221;null&#8221; button_letter_spacing__hover_enabled=&#8221;off&#8221; button_letter_spacing__hover=&#8221;null&#8221; button_one_letter_spacing__hover_enabled=&#8221;off&#8221; button_one_letter_spacing__hover=&#8221;null&#8221; button_two_letter_spacing__hover_enabled=&#8221;off&#8221; button_two_letter_spacing__hover=&#8221;null&#8221; button_bg_color__hover_enabled=&#8221;off&#8221; button_bg_color__hover=&#8221;null&#8221; button_one_bg_color__hover_enabled=&#8221;off&#8221; button_one_bg_color__hover=&#8221;null&#8221; button_two_bg_color__hover_enabled=&#8221;off&#8221; button_two_bg_color__hover=&#8221;null&#8221; \/][\/et_pb_column][\/et_pb_row][\/et_pb_section][et_pb_section bb_built=&#8221;1&#8243; specialty=&#8221;off&#8221; prev_background_color=&#8221;#000000&#8243; next_background_color=&#8221;#000000&#8243; _builder_version=&#8221;3.10.1&#8243; module_class=&#8221;pad_top_none pad_bot_none product-title mob_top_pad&#8221;][et_pb_row][et_pb_column type=&#8221;4_4&#8243;][et_pb_text _builder_version=&#8221;3.19.15&#8243;]<\/p>\n<h2>Ash Work Desk<\/h2>\n<p><strong>Toteutimme pelkistetyn tyylikk\u00e4\u00e4n ty\u00f6p\u00f6yd\u00e4n kulutusta kest\u00e4v\u00e4st\u00e4 saarnista asiakkaan tarkkojen toiveiden pohjalta.<\/strong><\/p>\n<p>[\/et_pb_text][\/et_pb_column][\/et_pb_row][\/et_pb_section][et_pb_section bb_built=&#8221;1&#8243; prev_background_color=&#8221;#000000&#8243; _builder_version=&#8221;3.0.105&#8243; module_class=&#8221;pad_top_none pad_bot_none&#8221; next_background_color=&#8221;#000000&#8243;][et_pb_row][et_pb_column type=&#8221;4_4&#8243;][et_pb_image _builder_version=&#8221;3.0.105&#8243; src=&#8221;\/wp-content\/uploads\/2018\/07\/header_Puuartisti-Saarni-Ty\u00f6p\u00f6yt\u00e4-Kuvaaja-Joona-Kotilainen-2_WATERMARKED.jpg&#8221; show_in_lightbox=&#8221;off&#8221; url_new_window=&#8221;off&#8221; use_overlay=&#8221;off&#8221; always_center_on_mobile=&#8221;on&#8221; force_fullwidth=&#8221;off&#8221; show_bottom_space=&#8221;on&#8221; \/][\/et_pb_column][\/et_pb_row][\/et_pb_section][et_pb_section bb_built=&#8221;1&#8243; fullwidth=&#8221;off&#8221; specialty=&#8221;on&#8221; prev_background_color=&#8221;#000000&#8243; _builder_version=&#8221;3.0.105&#8243; module_class=&#8221;pad_top_none pad_bot_none&#8221; next_background_color=&#8221;#000000&#8243;][et_pb_column type=&#8221;1_2&#8243;][et_pb_text _builder_version=&#8221;3.0.105&#8243; background_layout=&#8221;light&#8221;]<\/p>\n<p>V\u00e4lill\u00e4 asiakkaalla on hyvinkin t\u00e4sm\u00e4llinen visio halutusta lopputuloksesta, ja silloin teht\u00e4v\u00e4n\u00e4mme on etsi\u00e4 paras tapa toteuttaa t\u00e4m\u00e4 visio k\u00e4yt\u00e4nn\u00f6ss\u00e4. T\u00e4ss\u00e4 tapauksessa p\u00f6yd\u00e4n keve\u00e4, linjakas malli tuli asiakkaan puolelta ja materiaaliksi h\u00e4n oli valinnut vaalean ja kest\u00e4v\u00e4n saarnin.<\/p>\n<p>Jotta p\u00f6yd\u00e4n pelkistetty ilme entisest\u00e4\u00e4n korostuisi, valmistimme liimalevyt p\u00f6yt\u00e4\u00e4 varten niin, ett\u00e4 soirot k\u00e4\u00e4ntyv\u00e4t mahdollisimman samanv\u00e4risen\u00e4 kannesta p\u00e4\u00e4tyyn. Siroutta ja keveytt\u00e4 haimme viist\u00e4m\u00e4ll\u00e4 p\u00f6yd\u00e4n reunaa sis\u00e4\u00e4np\u00e4in. Liitoksista ei l\u00f6ydy metalliosia, sill\u00e4 koko p\u00f6yt\u00e4 on t\u00e4ytt\u00e4 puuta.<\/p>\n<p>V\u00e4ris\u00e4vy\u00e4 haettiin kokeilujen kautta sopivan v\u00e4h\u00e4eleiseksi, jolloin saarnin voimakas syykuviointi sai n\u00e4ky\u00e4 vain aavistuksen harmaaseen vivahtavan vahan alta.<\/p>\n<p>Arjen toimivuutta p\u00f6yt\u00e4\u00e4n tuo ideoimamme lis\u00e4varuste, p\u00f6yd\u00e4n taakse j\u00e4\u00e4v\u00e4 tapitettu taso, johon tietokoneen johtoviidakon voi kieputtaa piiloon katseilta. T\u00e4ss\u00e4 p\u00f6yd\u00e4ss\u00e4 k\u00e4yt\u00e4nn\u00f6llisyys ja tyylikkyys kohtaavat!<\/p>\n<p>[\/et_pb_text][\/et_pb_column][et_pb_column type=&#8221;1_2&#8243; specialty_columns=&#8221;2&#8243;][et_pb_row_inner admin_label=&#8221;Row&#8221;][et_pb_column_inner type=&#8221;1_2&#8243; saved_specialty_column_type=&#8221;1_2&#8243;][et_pb_image _builder_version=&#8221;3.0.105&#8243; src=&#8221;\/wp-content\/uploads\/2018\/07\/Puuartisti-Saarni-Ty\u00f6p\u00f6yt\u00e4-Kuvaaja-Joona-Kotilainen-1_WATERMARKED.jpg&#8221; show_in_lightbox=&#8221;on&#8221; url_new_window=&#8221;off&#8221; use_overlay=&#8221;on&#8221; always_center_on_mobile=&#8221;on&#8221; force_fullwidth=&#8221;off&#8221; show_bottom_space=&#8221;on&#8221; overlay_icon_color=&#8221;#333333&#8243; hover_overlay_color=&#8221;rgba(255,255,255,0.55)&#8221; hover_icon=&#8221;%%51%%&#8221; \/][et_pb_image _builder_version=&#8221;3.0.105&#8243; src=&#8221;\/wp-content\/uploads\/2018\/07\/Puuartisti-Saarni-Ty\u00f6p\u00f6yt\u00e4-Kuvaaja-Joona-Kotilainen-3_WATERMARKED.jpg&#8221; show_in_lightbox=&#8221;on&#8221; url_new_window=&#8221;off&#8221; use_overlay=&#8221;on&#8221; always_center_on_mobile=&#8221;on&#8221; force_fullwidth=&#8221;off&#8221; show_bottom_space=&#8221;on&#8221; overlay_icon_color=&#8221;#333333&#8243; hover_overlay_color=&#8221;rgba(255,255,255,0.55)&#8221; hover_icon=&#8221;%%51%%&#8221; \/][\/et_pb_column_inner][et_pb_column_inner type=&#8221;1_2&#8243; saved_specialty_column_type=&#8221;1_2&#8243;][et_pb_image _builder_version=&#8221;3.0.105&#8243; src=&#8221;\/wp-content\/uploads\/2018\/07\/Puuartisti-Saarni-Ty\u00f6p\u00f6yt\u00e4-Kuvaaja-Joona-Kotilainen-6_WATERMARKED.jpg&#8221; show_in_lightbox=&#8221;on&#8221; url_new_window=&#8221;off&#8221; use_overlay=&#8221;on&#8221; always_center_on_mobile=&#8221;on&#8221; force_fullwidth=&#8221;off&#8221; show_bottom_space=&#8221;on&#8221; overlay_icon_color=&#8221;#333333&#8243; hover_overlay_color=&#8221;rgba(255,255,255,0.55)&#8221; hover_icon=&#8221;%%51%%&#8221; \/][et_pb_image _builder_version=&#8221;3.0.105&#8243; src=&#8221;\/wp-content\/uploads\/2018\/07\/Puuartisti-Saarni-Ty\u00f6p\u00f6yt\u00e4-Kuvaaja-Joona-Kotilainen-5_WATERMARKED.jpg&#8221; show_in_lightbox=&#8221;on&#8221; url_new_window=&#8221;off&#8221; use_overlay=&#8221;on&#8221; always_center_on_mobile=&#8221;on&#8221; force_fullwidth=&#8221;off&#8221; show_bottom_space=&#8221;on&#8221; overlay_icon_color=&#8221;#333333&#8243; hover_overlay_color=&#8221;rgba(255,255,255,0.55)&#8221; hover_icon=&#8221;%%51%%&#8221; \/][\/et_pb_column_inner][\/et_pb_row_inner][et_pb_row_inner admin_label=&#8221;Row&#8221; _builder_version=&#8221;3.0.105&#8243; module_class=&#8221;product&#8221;][et_pb_column_inner type=&#8221;4_4&#8243; saved_specialty_column_type=&#8221;1_2&#8243;][et_pb_text _builder_version=&#8221;3.0.105&#8243; background_layout=&#8221;light&#8221;]<\/p>\n<h6>Suunnittelu: <span>Miikka Kotilainen | Puuartisti ja asiakas<\/span><\/h6>\n<h6>Toteutus: <span>Puuartisti<\/span><\/h6>\n<h6>Valokuvat: <span>Joona Kotilainen | <a href=\"https:\/\/tovari.fi\/\" rel=\"noopener\" target=\"_blank\">Markkinointitoimisto Tovari<\/a><\/span><\/h6>\n<p>[\/et_pb_text][\/et_pb_column_inner][\/et_pb_row_inner][\/et_pb_column][\/et_pb_section][et_pb_section bb_built=&#8221;1&#8243; specialty=&#8221;off&#8221; _builder_version=&#8221;3.10.1&#8243; module_class=&#8221;product-title&#8221; next_background_color=&#8221;#000000&#8243; prev_background_color=&#8221;#000000&#8243; disabled=&#8221;off&#8221; disabled_on=&#8221;|on|on&#8221;][et_pb_row _builder_version=&#8221;3.0.105&#8243; use_custom_gutter=&#8221;on&#8221; gutter_width=&#8221;2&#8243;][et_pb_column type=&#8221;1_4&#8243;][et_pb_button admin_label=&#8221;KAIKKI PROJEKTIT Button&#8221; _builder_version=&#8221;3.10.1&#8243; button_text=&#8221;KAIKKI PROJEKTIT&#8221; custom_button=&#8221;on&#8221; button_icon_placement=&#8221;left&#8221; module_class=&#8221;product-back-button&#8221; button_icon=&#8221;%%19%%&#8221; button_url=&#8221;\/mittatilausprojektit\/#mittatilausprojektit&#8221; button_text_size__hover_enabled=&#8221;off&#8221; button_text_size__hover=&#8221;null&#8221; button_one_text_size__hover_enabled=&#8221;off&#8221; button_one_text_size__hover=&#8221;null&#8221; button_two_text_size__hover_enabled=&#8221;off&#8221; button_two_text_size__hover=&#8221;null&#8221; button_text_color__hover_enabled=&#8221;off&#8221; button_text_color__hover=&#8221;null&#8221; button_one_text_color__hover_enabled=&#8221;off&#8221; button_one_text_color__hover=&#8221;null&#8221; button_two_text_color__hover_enabled=&#8221;off&#8221; button_two_text_color__hover=&#8221;null&#8221; button_border_width__hover_enabled=&#8221;off&#8221; button_border_width__hover=&#8221;null&#8221; button_one_border_width__hover_enabled=&#8221;off&#8221; button_one_border_width__hover=&#8221;null&#8221; button_two_border_width__hover_enabled=&#8221;off&#8221; button_two_border_width__hover=&#8221;null&#8221; button_border_color__hover_enabled=&#8221;off&#8221; button_border_color__hover=&#8221;null&#8221; button_one_border_color__hover_enabled=&#8221;off&#8221; button_one_border_color__hover=&#8221;null&#8221; button_two_border_color__hover_enabled=&#8221;off&#8221; button_two_border_color__hover=&#8221;null&#8221; button_border_radius__hover_enabled=&#8221;off&#8221; button_border_radius__hover=&#8221;null&#8221; button_one_border_radius__hover_enabled=&#8221;off&#8221; button_one_border_radius__hover=&#8221;null&#8221; button_two_border_radius__hover_enabled=&#8221;off&#8221; button_two_border_radius__hover=&#8221;null&#8221; button_letter_spacing__hover_enabled=&#8221;off&#8221; button_letter_spacing__hover=&#8221;null&#8221; button_one_letter_spacing__hover_enabled=&#8221;off&#8221; button_one_letter_spacing__hover=&#8221;null&#8221; button_two_letter_spacing__hover_enabled=&#8221;off&#8221; button_two_letter_spacing__hover=&#8221;null&#8221; button_bg_color__hover_enabled=&#8221;off&#8221; button_bg_color__hover=&#8221;null&#8221; button_one_bg_color__hover_enabled=&#8221;off&#8221; button_one_bg_color__hover=&#8221;null&#8221; button_two_bg_color__hover_enabled=&#8221;off&#8221; button_two_bg_color__hover=&#8221;null&#8221; \/][\/et_pb_column][et_pb_column type=&#8221;1_2&#8243;][\/et_pb_column][et_pb_column type=&#8221;1_4&#8243;][et_pb_button admin_label=&#8221;Pyyd\u00e4 tarjous Button&#8221; _builder_version=&#8221;3.0.105&#8243; button_text=&#8221;Pyyd\u00e4 tarjous&#8221; url_new_window=&#8221;off&#8221; button_alignment=&#8221;left&#8221; background_layout=&#8221;light&#8221; custom_button=&#8221;off&#8221; button_icon_placement=&#8221;right&#8221; module_class=&#8221;button_title_product&#8221; button_url=&#8221;\/ota-yhteytta\/&#8221; button_text_size__hover_enabled=&#8221;off&#8221; button_text_size__hover=&#8221;null&#8221; button_one_text_size__hover_enabled=&#8221;off&#8221; button_one_text_size__hover=&#8221;null&#8221; button_two_text_size__hover_enabled=&#8221;off&#8221; button_two_text_size__hover=&#8221;null&#8221; button_text_color__hover_enabled=&#8221;off&#8221; button_text_color__hover=&#8221;null&#8221; button_one_text_color__hover_enabled=&#8221;off&#8221; button_one_text_color__hover=&#8221;null&#8221; button_two_text_color__hover_enabled=&#8221;off&#8221; button_two_text_color__hover=&#8221;null&#8221; button_border_width__hover_enabled=&#8221;off&#8221; button_border_width__hover=&#8221;null&#8221; button_one_border_width__hover_enabled=&#8221;off&#8221; button_one_border_width__hover=&#8221;null&#8221; button_two_border_width__hover_enabled=&#8221;off&#8221; button_two_border_width__hover=&#8221;null&#8221; button_border_color__hover_enabled=&#8221;off&#8221; button_border_color__hover=&#8221;null&#8221; button_one_border_color__hover_enabled=&#8221;off&#8221; button_one_border_color__hover=&#8221;null&#8221; button_two_border_color__hover_enabled=&#8221;off&#8221; button_two_border_color__hover=&#8221;null&#8221; button_border_radius__hover_enabled=&#8221;off&#8221; button_border_radius__hover=&#8221;null&#8221; button_one_border_radius__hover_enabled=&#8221;off&#8221; button_one_border_radius__hover=&#8221;null&#8221; button_two_border_radius__hover_enabled=&#8221;off&#8221; button_two_border_radius__hover=&#8221;null&#8221; button_letter_spacing__hover_enabled=&#8221;off&#8221; button_letter_spacing__hover=&#8221;null&#8221; button_one_letter_spacing__hover_enabled=&#8221;off&#8221; button_one_letter_spacing__hover=&#8221;null&#8221; button_two_letter_spacing__hover_enabled=&#8221;off&#8221; button_two_letter_spacing__hover=&#8221;null&#8221; button_bg_color__hover_enabled=&#8221;off&#8221; button_bg_color__hover=&#8221;null&#8221; button_one_bg_color__hover_enabled=&#8221;off&#8221; button_one_bg_color__hover=&#8221;null&#8221; button_two_bg_color__hover_enabled=&#8221;off&#8221; button_two_bg_color__hover=&#8221;null&#8221; \/][\/et_pb_column][\/et_pb_row][\/et_pb_section][et_pb_section bb_built=&#8221;1&#8243; prev_background_color=&#8221;#000000&#8243; _builder_version=&#8221;3.0.105&#8243; module_class=&#8221;pad_top_none pad_bot_none&#8221;][et_pb_row _builder_version=&#8221;3.0.105&#8243; module_class=&#8221;divider&#8221;][et_pb_column type=&#8221;4_4&#8243;][et_pb_image _builder_version=&#8221;3.0.105&#8243; src=&#8221;\/wp-content\/uploads\/2018\/02\/wave-border.png&#8221; show_in_lightbox=&#8221;off&#8221; url_new_window=&#8221;off&#8221; use_overlay=&#8221;off&#8221; always_center_on_mobile=&#8221;on&#8221; force_fullwidth=&#8221;off&#8221; show_bottom_space=&#8221;on&#8221; \/][\/et_pb_column][\/et_pb_row][\/et_pb_section]<\/p>\n","protected":false},"excerpt":{"rendered":"<p><div class=\"et_pb_row et_pb_row_0 et_pb_row_empty\">\n\t\t\t\t\n\t\t\t\t\n\t\t\t\t\n\t\t\t\t\n\t\t\t\t\n\t\t\t<\/div> Ash Work Desk Toteutimme pelkistetyn tyylikk\u00e4\u00e4n ty\u00f6p\u00f6yd\u00e4n kulutusta kest\u00e4v\u00e4st\u00e4 saarnista asiakkaan tarkkojen toiveiden pohjalta. <div class=\"et_pb_row et_pb_row_1 et_pb_row_empty\">\n\t\t\t\t\n\t\t\t\t\n\t\t\t\t\n\t\t\t\t\n\t\t\t\t\n\t\t\t<\/div> V\u00e4lill\u00e4 asiakkaalla on hyvinkin t\u00e4sm\u00e4llinen visio halutusta lopputuloksesta, ja silloin teht\u00e4v\u00e4n\u00e4mme on etsi\u00e4 paras tapa toteuttaa t\u00e4m\u00e4 visio k\u00e4yt\u00e4nn\u00f6ss\u00e4. T\u00e4ss\u00e4 tapauksessa p\u00f6yd\u00e4n keve\u00e4, linjakas malli tuli asiakkaan puolelta ja materiaaliksi h\u00e4n oli valinnut vaalean ja kest\u00e4v\u00e4n saarnin. Jotta p\u00f6yd\u00e4n [&hellip;]<\/p>\n","protected":false},"author":1,"featured_media":0,"parent":0,"menu_order":0,"comment_status":"closed","ping_status":"closed","template":"","meta":{"_et_pb_use_builder":"on","_et_pb_old_content":"","_et_gb_content_width":"","footnotes":""},"class_list":["post-216083","page","type-page","status-publish","hentry"],"yoast_head":"<!-- This site is optimized with the Yoast SEO plugin v27.4 - https:\/\/yoast.com\/product\/yoast-seo-wordpress\/ -->\n<title>Ash Work Desk - Puuartisti<\/title>\n<meta name=\"robots\" content=\"index, follow, max-snippet:-1, max-image-preview:large, max-video-preview:-1\" \/>\n<link rel=\"canonical\" href=\"https:\/\/puuartisti.fi\/en\/ash-work-desk\/\" \/>\n<meta property=\"og:locale\" content=\"en_US\" \/>\n<meta property=\"og:type\" content=\"article\" \/>\n<meta property=\"og:title\" content=\"Ash Work Desk - Puuartisti\" \/>\n<meta property=\"og:description\" content=\"Ash Work Desk Toteutimme pelkistetyn tyylikk\u00e4\u00e4n ty\u00f6p\u00f6yd\u00e4n kulutusta kest\u00e4v\u00e4st\u00e4 saarnista asiakkaan tarkkojen toiveiden pohjalta. V\u00e4lill\u00e4 asiakkaalla on hyvinkin t\u00e4sm\u00e4llinen visio halutusta lopputuloksesta, ja silloin teht\u00e4v\u00e4n\u00e4mme on etsi\u00e4 paras tapa toteuttaa t\u00e4m\u00e4 visio k\u00e4yt\u00e4nn\u00f6ss\u00e4. T\u00e4ss\u00e4 tapauksessa p\u00f6yd\u00e4n keve\u00e4, linjakas malli tuli asiakkaan puolelta ja materiaaliksi h\u00e4n oli valinnut vaalean ja kest\u00e4v\u00e4n saarnin. Jotta p\u00f6yd\u00e4n [&hellip;]\" \/>\n<meta property=\"og:url\" content=\"https:\/\/puuartisti.fi\/en\/ash-work-desk\/\" \/>\n<meta property=\"og:site_name\" content=\"Puuartisti\" \/>\n<meta property=\"article:modified_time\" content=\"2019-02-22T10:59:43+00:00\" \/>\n<meta name=\"twitter:card\" content=\"summary_large_image\" \/>\n<meta name=\"twitter:label1\" content=\"Est. reading time\" \/>\n\t<meta name=\"twitter:data1\" content=\"10 minutes\" \/>\n<script type=\"application\/ld+json\" class=\"yoast-schema-graph\">{\"@context\":\"https:\\\/\\\/schema.org\",\"@graph\":[{\"@type\":\"WebPage\",\"@id\":\"https:\\\/\\\/puuartisti.fi\\\/en\\\/ash-work-desk\\\/\",\"url\":\"https:\\\/\\\/puuartisti.fi\\\/en\\\/ash-work-desk\\\/\",\"name\":\"Ash Work Desk - Puuartisti\",\"isPartOf\":{\"@id\":\"https:\\\/\\\/puuartisti.fi\\\/#website\"},\"datePublished\":\"2018-04-12T13:25:55+00:00\",\"dateModified\":\"2019-02-22T10:59:43+00:00\",\"breadcrumb\":{\"@id\":\"https:\\\/\\\/puuartisti.fi\\\/en\\\/ash-work-desk\\\/#breadcrumb\"},\"inLanguage\":\"en-US\",\"potentialAction\":[{\"@type\":\"ReadAction\",\"target\":[\"https:\\\/\\\/puuartisti.fi\\\/en\\\/ash-work-desk\\\/\"]}]},{\"@type\":\"BreadcrumbList\",\"@id\":\"https:\\\/\\\/puuartisti.fi\\\/en\\\/ash-work-desk\\\/#breadcrumb\",\"itemListElement\":[{\"@type\":\"ListItem\",\"position\":1,\"name\":\"Home\",\"item\":\"https:\\\/\\\/puuartisti.fi\\\/en\\\/\"},{\"@type\":\"ListItem\",\"position\":2,\"name\":\"Ash Work Desk\"}]},{\"@type\":\"WebSite\",\"@id\":\"https:\\\/\\\/puuartisti.fi\\\/#website\",\"url\":\"https:\\\/\\\/puuartisti.fi\\\/\",\"name\":\"Puuartisti\",\"description\":\"Merkityst\u00e4 puusta\",\"potentialAction\":[{\"@type\":\"SearchAction\",\"target\":{\"@type\":\"EntryPoint\",\"urlTemplate\":\"https:\\\/\\\/puuartisti.fi\\\/?s={search_term_string}\"},\"query-input\":{\"@type\":\"PropertyValueSpecification\",\"valueRequired\":true,\"valueName\":\"search_term_string\"}}],\"inLanguage\":\"en-US\"}]}<\/script>\n<!-- \/ Yoast SEO plugin. -->","yoast_head_json":{"title":"Ash Work Desk - Puuartisti","robots":{"index":"index","follow":"follow","max-snippet":"max-snippet:-1","max-image-preview":"max-image-preview:large","max-video-preview":"max-video-preview:-1"},"canonical":"https:\/\/puuartisti.fi\/en\/ash-work-desk\/","og_locale":"en_US","og_type":"article","og_title":"Ash Work Desk - Puuartisti","og_description":"Ash Work Desk Toteutimme pelkistetyn tyylikk\u00e4\u00e4n ty\u00f6p\u00f6yd\u00e4n kulutusta kest\u00e4v\u00e4st\u00e4 saarnista asiakkaan tarkkojen toiveiden pohjalta. V\u00e4lill\u00e4 asiakkaalla on hyvinkin t\u00e4sm\u00e4llinen visio halutusta lopputuloksesta, ja silloin teht\u00e4v\u00e4n\u00e4mme on etsi\u00e4 paras tapa toteuttaa t\u00e4m\u00e4 visio k\u00e4yt\u00e4nn\u00f6ss\u00e4. T\u00e4ss\u00e4 tapauksessa p\u00f6yd\u00e4n keve\u00e4, linjakas malli tuli asiakkaan puolelta ja materiaaliksi h\u00e4n oli valinnut vaalean ja kest\u00e4v\u00e4n saarnin. Jotta p\u00f6yd\u00e4n [&hellip;]","og_url":"https:\/\/puuartisti.fi\/en\/ash-work-desk\/","og_site_name":"Puuartisti","article_modified_time":"2019-02-22T10:59:43+00:00","twitter_card":"summary_large_image","twitter_misc":{"Est. reading time":"10 minutes"},"schema":{"@context":"https:\/\/schema.org","@graph":[{"@type":"WebPage","@id":"https:\/\/puuartisti.fi\/en\/ash-work-desk\/","url":"https:\/\/puuartisti.fi\/en\/ash-work-desk\/","name":"Ash Work Desk - Puuartisti","isPartOf":{"@id":"https:\/\/puuartisti.fi\/#website"},"datePublished":"2018-04-12T13:25:55+00:00","dateModified":"2019-02-22T10:59:43+00:00","breadcrumb":{"@id":"https:\/\/puuartisti.fi\/en\/ash-work-desk\/#breadcrumb"},"inLanguage":"en-US","potentialAction":[{"@type":"ReadAction","target":["https:\/\/puuartisti.fi\/en\/ash-work-desk\/"]}]},{"@type":"BreadcrumbList","@id":"https:\/\/puuartisti.fi\/en\/ash-work-desk\/#breadcrumb","itemListElement":[{"@type":"ListItem","position":1,"name":"Home","item":"https:\/\/puuartisti.fi\/en\/"},{"@type":"ListItem","position":2,"name":"Ash Work Desk"}]},{"@type":"WebSite","@id":"https:\/\/puuartisti.fi\/#website","url":"https:\/\/puuartisti.fi\/","name":"Puuartisti","description":"Merkityst\u00e4 puusta","potentialAction":[{"@type":"SearchAction","target":{"@type":"EntryPoint","urlTemplate":"https:\/\/puuartisti.fi\/?s={search_term_string}"},"query-input":{"@type":"PropertyValueSpecification","valueRequired":true,"valueName":"search_term_string"}}],"inLanguage":"en-US"}]}},"_links":{"self":[{"href":"https:\/\/puuartisti.fi\/en\/wp-json\/wp\/v2\/pages\/216083","targetHints":{"allow":["GET"]}}],"collection":[{"href":"https:\/\/puuartisti.fi\/en\/wp-json\/wp\/v2\/pages"}],"about":[{"href":"https:\/\/puuartisti.fi\/en\/wp-json\/wp\/v2\/types\/page"}],"author":[{"embeddable":true,"href":"https:\/\/puuartisti.fi\/en\/wp-json\/wp\/v2\/users\/1"}],"replies":[{"embeddable":true,"href":"https:\/\/puuartisti.fi\/en\/wp-json\/wp\/v2\/comments?post=216083"}],"version-history":[{"count":2,"href":"https:\/\/puuartisti.fi\/en\/wp-json\/wp\/v2\/pages\/216083\/revisions"}],"predecessor-version":[{"id":216148,"href":"https:\/\/puuartisti.fi\/en\/wp-json\/wp\/v2\/pages\/216083\/revisions\/216148"}],"wp:attachment":[{"href":"https:\/\/puuartisti.fi\/en\/wp-json\/wp\/v2\/media?parent=216083"}],"curies":[{"name":"wp","href":"https:\/\/api.w.org\/{rel}","templated":true}]}}