{"id":217293,"date":"2019-09-21T16:22:02","date_gmt":"2019-09-21T16:22:02","guid":{"rendered":"https:\/\/puuartisti.fi\/mittatilauspoydat\/"},"modified":"2020-03-11T08:06:38","modified_gmt":"2020-03-11T08:06:38","slug":"mittatilauspoydat","status":"publish","type":"page","link":"https:\/\/puuartisti.fi\/en\/mittatilauspoydat\/","title":{"rendered":"Mittatilausp\u00f6yd\u00e4t"},"content":{"rendered":"<p>[et_pb_section bb_built=&#8221;1&#8243; specialty=&#8221;off&#8221; _builder_version=&#8221;3.10.1&#8243; module_class=&#8221;page-title mob_no_pad_bot&#8221; next_background_color=&#8221;#000000&#8243;][et_pb_row _builder_version=&#8221;3.10.1&#8243; module_class_2=&#8221;button-left&#8221;][et_pb_column type=&#8221;2_3&#8243;][et_pb_text _builder_version=&#8221;3.21.4&#8243; z_index_tablet=&#8221;500&#8243;]<\/p>\n<h1>Mittatilausp\u00f6yd\u00e4t<\/h1>\n<p>[\/et_pb_text][\/et_pb_column][et_pb_column type=&#8221;1_3&#8243;][et_pb_button _builder_version=&#8221;3.21.4&#8243; button_text=&#8221;Pyyd\u00e4 tarjous&#8221; button_alignment=&#8221;left&#8221; module_class=&#8221;button_title&#8221; button_url=&#8221;\/ota-yhteytta\/&#8221; disabled=&#8221;off&#8221; disabled_on=&#8221;on||&#8221; button_text_size__hover_enabled=&#8221;off&#8221; button_text_size__hover=&#8221;null&#8221; button_one_text_size__hover_enabled=&#8221;off&#8221; button_one_text_size__hover=&#8221;null&#8221; button_two_text_size__hover_enabled=&#8221;off&#8221; button_two_text_size__hover=&#8221;null&#8221; button_text_color__hover_enabled=&#8221;off&#8221; button_text_color__hover=&#8221;null&#8221; button_one_text_color__hover_enabled=&#8221;off&#8221; button_one_text_color__hover=&#8221;null&#8221; button_two_text_color__hover_enabled=&#8221;off&#8221; button_two_text_color__hover=&#8221;null&#8221; button_border_width__hover_enabled=&#8221;off&#8221; button_border_width__hover=&#8221;null&#8221; button_one_border_width__hover_enabled=&#8221;off&#8221; button_one_border_width__hover=&#8221;null&#8221; button_two_border_width__hover_enabled=&#8221;off&#8221; button_two_border_width__hover=&#8221;null&#8221; button_border_color__hover_enabled=&#8221;off&#8221; button_border_color__hover=&#8221;null&#8221; button_one_border_color__hover_enabled=&#8221;off&#8221; button_one_border_color__hover=&#8221;null&#8221; button_two_border_color__hover_enabled=&#8221;off&#8221; button_two_border_color__hover=&#8221;null&#8221; button_border_radius__hover_enabled=&#8221;off&#8221; button_border_radius__hover=&#8221;null&#8221; button_one_border_radius__hover_enabled=&#8221;off&#8221; button_one_border_radius__hover=&#8221;null&#8221; button_two_border_radius__hover_enabled=&#8221;off&#8221; button_two_border_radius__hover=&#8221;null&#8221; button_letter_spacing__hover_enabled=&#8221;off&#8221; button_letter_spacing__hover=&#8221;null&#8221; button_one_letter_spacing__hover_enabled=&#8221;off&#8221; button_one_letter_spacing__hover=&#8221;null&#8221; button_two_letter_spacing__hover_enabled=&#8221;off&#8221; button_two_letter_spacing__hover=&#8221;null&#8221; button_bg_color__hover_enabled=&#8221;off&#8221; button_bg_color__hover=&#8221;null&#8221; button_one_bg_color__hover_enabled=&#8221;off&#8221; button_one_bg_color__hover=&#8221;null&#8221; button_two_bg_color__hover_enabled=&#8221;off&#8221; button_two_bg_color__hover=&#8221;null&#8221; z_index_tablet=&#8221;500&#8243; \/][\/et_pb_column][\/et_pb_row][\/et_pb_section][et_pb_section bb_built=&#8221;1&#8243; specialty=&#8221;off&#8221; prev_background_color=&#8221;#ffffff&#8221; _builder_version=&#8221;3.10.1&#8243; module_class=&#8221;pad_top_none pad_bot_none&#8221; next_background_color=&#8221;#ffffff&#8221; background_image=&#8221;https:\/\/puuartisti.fi\/wp-content\/uploads\/2018\/02\/page_bg-img-smaller.png&#8221;][et_pb_row _builder_version=&#8221;3.10.1&#8243; module_class=&#8221;mob_txt_row_pad_bottom&#8221;][et_pb_column type=&#8221;1_2&#8243;][et_pb_text _builder_version=&#8221;3.21.4&#8243; background_layout=&#8221;light&#8221;]<\/p>\n<p><strong>Sytymme haasteista. Puu on ainutlaatuinen materiaali, joka tarjoaa rajattomasti mahdollisuuksia h\u00e4mm\u00e4stytt\u00e4miseen ja uuden l\u00f6yt\u00e4miseen. Sanomme vahvasti ei kertak\u00e4ytt\u00f6kulttuurille ja massatuotannolle &#8211; luomme viimeisteltyj\u00e4 ja merkityksellisi\u00e4 kalusteita, jotka ker\u00e4\u00e4v\u00e4t tarinoita ymp\u00e4rilleen ja kest\u00e4v\u00e4t sukupolvelta toiselle.<\/strong><\/p>\n<p>Jokaisella valmistamallamme kalusteella, sisustuksella tai rakenteella on tarina. Sen alkupisteen\u00e4 toimii visio vaikuttavammasta tilasta, joka kaipaa viimeistelty\u00e4 ratkaisua. Visiosi muokkautuu valikoituja materiaaleja k\u00e4ytt\u00e4en k\u00e4siss\u00e4mme ja jatkaa el\u00e4m\u00e4\u00e4ns\u00e4 vuosien p\u00e4\u00e4h\u00e4n.<\/p>\n<p>[\/et_pb_text][et_pb_button _builder_version=&#8221;3.10.1&#8243; button_text=&#8221;PYYD\u00c4 TARJOUS&#8221; module_class=&#8221;quote-button&#8221; button_url=&#8221;\/ota-yhteytta\/&#8221; disabled=&#8221;off&#8221; disabled_on=&#8221;on||&#8221; button_text_size__hover_enabled=&#8221;off&#8221; button_text_size__hover=&#8221;null&#8221; button_one_text_size__hover_enabled=&#8221;off&#8221; button_one_text_size__hover=&#8221;null&#8221; button_two_text_size__hover_enabled=&#8221;off&#8221; button_two_text_size__hover=&#8221;null&#8221; button_text_color__hover_enabled=&#8221;off&#8221; button_text_color__hover=&#8221;null&#8221; button_one_text_color__hover_enabled=&#8221;off&#8221; button_one_text_color__hover=&#8221;null&#8221; button_two_text_color__hover_enabled=&#8221;off&#8221; button_two_text_color__hover=&#8221;null&#8221; button_border_width__hover_enabled=&#8221;off&#8221; button_border_width__hover=&#8221;null&#8221; button_one_border_width__hover_enabled=&#8221;off&#8221; button_one_border_width__hover=&#8221;null&#8221; button_two_border_width__hover_enabled=&#8221;off&#8221; button_two_border_width__hover=&#8221;null&#8221; button_border_color__hover_enabled=&#8221;off&#8221; button_border_color__hover=&#8221;null&#8221; button_one_border_color__hover_enabled=&#8221;off&#8221; button_one_border_color__hover=&#8221;null&#8221; button_two_border_color__hover_enabled=&#8221;off&#8221; button_two_border_color__hover=&#8221;null&#8221; button_border_radius__hover_enabled=&#8221;off&#8221; button_border_radius__hover=&#8221;null&#8221; button_one_border_radius__hover_enabled=&#8221;off&#8221; button_one_border_radius__hover=&#8221;null&#8221; button_two_border_radius__hover_enabled=&#8221;off&#8221; button_two_border_radius__hover=&#8221;null&#8221; button_letter_spacing__hover_enabled=&#8221;off&#8221; button_letter_spacing__hover=&#8221;null&#8221; button_one_letter_spacing__hover_enabled=&#8221;off&#8221; button_one_letter_spacing__hover=&#8221;null&#8221; button_two_letter_spacing__hover_enabled=&#8221;off&#8221; button_two_letter_spacing__hover=&#8221;null&#8221; button_bg_color__hover_enabled=&#8221;off&#8221; button_bg_color__hover=&#8221;null&#8221; button_one_bg_color__hover_enabled=&#8221;off&#8221; button_one_bg_color__hover=&#8221;null&#8221; button_two_bg_color__hover_enabled=&#8221;off&#8221; button_two_bg_color__hover=&#8221;null&#8221; \/][\/et_pb_column][et_pb_column type=&#8221;1_2&#8243;][et_pb_image _builder_version=&#8221;3.21.4&#8243; src=&#8221;https:\/\/puuartisti.fi\/wp-content\/uploads\/2018\/07\/Puuartisti-Valkotammip\u00f6yt\u00e4-Kuvaaja-Joona-Kotilainen-full-size-5_WATERMARKED.jpg&#8221; z_index_tablet=&#8221;500&#8243; \/][\/et_pb_column][\/et_pb_row][et_pb_row _builder_version=&#8221;3.10.1&#8243; module_class=&#8221;divider mob_txt_row_pad_bottom&#8221; module_id=&#8221;mittatilausprojektit&#8221;][et_pb_column type=&#8221;4_4&#8243;][et_pb_image _builder_version=&#8221;3.10.1&#8243; src=&#8221;\/wp-content\/uploads\/2018\/02\/wave-border.png&#8221; show_in_lightbox=&#8221;off&#8221; url_new_window=&#8221;off&#8221; use_overlay=&#8221;off&#8221; always_center_on_mobile=&#8221;on&#8221; force_fullwidth=&#8221;off&#8221; show_bottom_space=&#8221;on&#8221; \/][\/et_pb_column][\/et_pb_row][et_pb_row _builder_version=&#8221;3.10.1&#8243; module_class=&#8221;mob_txt_row_pad_bottom&#8221;][et_pb_column type=&#8221;1_2&#8243;][et_pb_image _builder_version=&#8221;3.0.105&#8243; src=&#8221;\/wp-content\/uploads\/2018\/07\/Puuartisti-Valkotammip\u00f6yt\u00e4-Kuvaaja-Joona-Kotilainen-full-size-3_WATERMARKED.jpg&#8221; show_in_lightbox=&#8221;off&#8221; url_new_window=&#8221;off&#8221; use_overlay=&#8221;off&#8221; always_center_on_mobile=&#8221;on&#8221; force_fullwidth=&#8221;off&#8221; show_bottom_space=&#8221;on&#8221; url=&#8221;\/valkotamminen-ruokasalin-poyta\/&#8221; \/][et_pb_text admin_label=&#8221;VALKOTAMMINEN RUOKASALIN P\u00d6YT\u00c4&#8221; _builder_version=&#8221;3.0.105&#8243; background_layout=&#8221;light&#8221;]<\/p>\n<h6>VALKOTAMMINEN RUOKASALIN P\u00d6YT\u00c4<\/h6>\n<p>Jyhke\u00e4n, satakiloisella kannella ja siihen sopivaksi suunnitelluilla jalkarakenteilla varustetun ruokap\u00f6yd\u00e4n \u00e4\u00e4reen mahtuu monta ruokailijaa.<\/p>\n<p><a href=\"\/valkotamminen-ruokasalin-poyta\/\">Tutustu projektiin &gt; <\/a><\/p>\n<p>[\/et_pb_text][\/et_pb_column][et_pb_column type=&#8221;1_2&#8243;][et_pb_image _builder_version=&#8221;3.21.4&#8243; src=&#8221;https:\/\/puuartisti.fi\/wp-content\/uploads\/2019\/05\/Puuartisti_Poydat_2018_Saynevirta_Photography_Video_1200px-09966.jpg&#8221; url=&#8221;\/mustaksi-petsattu-sohvapoyta\/&#8221; alt=&#8221;mustaksi petsattu sohvap\u00f6yt\u00e4&#8221; title_text=&#8221;mustaksi petsattu sohvap\u00f6yt\u00e4&#8221; z_index_tablet=&#8221;500&#8243; \/][et_pb_text admin_label=&#8221;MUSTAKSI PETSATTU SOHVAP\u00d6YT\u00c4&#8221; _builder_version=&#8221;3.21.4&#8243; z_index_tablet=&#8221;500&#8243;]<\/p>\n<h6>MUSTAKSI PETSATTU SOHVAP\u00d6YT\u00c4<\/h6>\n<p>Siro valkotammesta sek\u00e4 metallista valmistettu sohvap\u00f6yt\u00e4 soveltuu t\u00e4ydellisesti asiakkaan kodin muuhun sisustukseen.<\/p>\n<p><a href=\"\/mustaksi-petsattu-sohvapoyta\/\">Tutustu projektiin &gt; <\/a><\/p>\n<p>[\/et_pb_text][\/et_pb_column][\/et_pb_row][et_pb_row _builder_version=&#8221;3.10.1&#8243; module_class=&#8221;mob_txt_row_pad_bottom&#8221;][et_pb_column type=&#8221;1_2&#8243;][et_pb_image _builder_version=&#8221;3.0.105&#8243; src=&#8221;\/wp-content\/uploads\/2018\/07\/Puuartisti_terassipoyta_Markkinointiyritys_Tovari_Valokuva_2048px_4_WATERMARKED.jpg&#8221; show_in_lightbox=&#8221;off&#8221; url_new_window=&#8221;off&#8221; use_overlay=&#8221;off&#8221; always_center_on_mobile=&#8221;on&#8221; force_fullwidth=&#8221;off&#8221; show_bottom_space=&#8221;on&#8221; url=&#8221;\/terassipoyta-isoisan-lehtikuusilankuista\/&#8221; \/][et_pb_text admin_label=&#8221;TERASSIP\u00d6YT\u00c4 ISOIS\u00c4N LEHTIKUUSILANKUISTA&#8221; _builder_version=&#8221;3.0.105&#8243; background_layout=&#8221;light&#8221;]<\/p>\n<h6>TERASSIP\u00d6YT\u00c4 ISOIS\u00c4N LEHTIKUUSILANKUISTA<\/h6>\n<p>Ulkona patinoituneista paksuista lehtikuusilankuista syntyi s\u00e4\u00e4nkest\u00e4v\u00e4, jykev\u00e4 pihap\u00f6yt\u00e4 alppihenkeen.<\/p>\n<p><a href=\"\/terassipoyta-isoisan-lehtikuusilankuista\/\">Tutustu projektiin &gt; <\/a><\/p>\n<p>[\/et_pb_text][\/et_pb_column][et_pb_column type=&#8221;1_2&#8243;][et_pb_image _builder_version=&#8221;3.0.105&#8243; src=&#8221;\/wp-content\/uploads\/2018\/07\/Puuartisti-Coffee-House-Kahvilap\u00f6yd\u00e4t-1_WATERMARKED.jpg&#8221; show_in_lightbox=&#8221;off&#8221; url_new_window=&#8221;off&#8221; use_overlay=&#8221;off&#8221; always_center_on_mobile=&#8221;on&#8221; force_fullwidth=&#8221;off&#8221; show_bottom_space=&#8221;on&#8221; url=&#8221;\/kahvilanpoydat-ja-valaisimet\/&#8221; \/][et_pb_text admin_label=&#8221;KAHVILANP\u00d6YD\u00c4T JA VALAISIMET&#8221; _builder_version=&#8221;3.0.105&#8243; background_layout=&#8221;light&#8221;]<\/p>\n<h6>KAHVILANP\u00d6YD\u00c4T JA VALAISIMET<\/h6>\n<p>Tunnelmallista puun l\u00e4mp\u00f6\u00e4 Joensuun keskustan kahvilaan tuovat vanhasta m\u00e4ntyhirrest\u00e4 tehdyt p\u00f6yd\u00e4nkannet ja valaisimet.<\/p>\n<p><a href=\"\/kahvilanpoydat-ja-valaisimet\/\">Tutustu projektiin &gt;<\/a><\/p>\n<p>[\/et_pb_text][\/et_pb_column][\/et_pb_row][et_pb_row _builder_version=&#8221;3.10.1&#8243; module_class=&#8221;mob_txt_row_pad_bottom&#8221;][et_pb_column type=&#8221;1_2&#8243;][et_pb_image _builder_version=&#8221;3.21.4&#8243; src=&#8221;https:\/\/puuartisti.fi\/wp-content\/uploads\/2018\/02\/Puuartisti_Poydat_2018_Saynevirta_Photography_Video_1200px-09977.jpg&#8221; url=&#8221;\/vaalea-ruokapoyta-metallijaloilla\/&#8221; alt=&#8221;vaalea ruokapoyta&#8221; title_text=&#8221;vaalea ruokapoyta&#8221; z_index_tablet=&#8221;500&#8243; \/][et_pb_text admin_label=&#8221;VAALEA RUOKAP\u00d6YT\u00c4 METALLIJALOILLA&#8221; _builder_version=&#8221;3.21.4&#8243; z_index_tablet=&#8221;500&#8243;]<\/p>\n<h6>VAALEA RUOKAP\u00d6YT\u00c4 METALLIJALOILLA<\/h6>\n<p>Asiakkaan kanssa tiiviiss\u00e4 yhteisty\u00f6ss\u00e4 suunniteltu ruokap\u00f6yt\u00e4 sai uniikin ilmeen erilaisilla kulmien py\u00f6ristyksill\u00e4.<\/p>\n<p><a href=\"\/vaalea-ruokapoyta-metallijaloilla\/\">Tutustu projektiin &gt; <\/a><\/p>\n<p>[\/et_pb_text][\/et_pb_column][et_pb_column type=&#8221;1_2&#8243;][et_pb_image _builder_version=&#8221;3.0.105&#8243; src=&#8221;\/wp-content\/uploads\/2018\/07\/Puuartisti-Saarni-Ty\u00f6p\u00f6yt\u00e4-Kuvaaja-Joona-Kotilainen-6_WATERMARKED.jpg&#8221; show_in_lightbox=&#8221;off&#8221; url_new_window=&#8221;off&#8221; use_overlay=&#8221;off&#8221; always_center_on_mobile=&#8221;on&#8221; force_fullwidth=&#8221;off&#8221; show_bottom_space=&#8221;on&#8221; url=&#8221;\/tyopoyta-saarnista\/&#8221; \/][et_pb_text admin_label=&#8221;TY\u00d6P\u00d6YT\u00c4 SAARNISTA&#8221; _builder_version=&#8221;3.0.105&#8243; background_layout=&#8221;light&#8221;]<\/p>\n<h6>TY\u00d6P\u00d6YT\u00c4 SAARNISTA<\/h6>\n<p>Toteutimme pelkistetyn tyylikk\u00e4\u00e4n ty\u00f6p\u00f6yd\u00e4n kulutusta kest\u00e4v\u00e4st\u00e4 saarnista asiakkaan tarkkojen toiveiden pohjalta.<\/p>\n<p><a href=\"\/tyopoyta-saarnista\/\">Tutustu projektiin &gt; <\/a><\/p>\n<p>[\/et_pb_text][\/et_pb_column][\/et_pb_row][et_pb_row _builder_version=&#8221;3.10.1&#8243; module_class=&#8221;mob_txt_row_pad_bottom&#8221;][et_pb_column type=&#8221;1_2&#8243;][et_pb_image _builder_version=&#8221;3.0.105&#8243; src=&#8221;\/wp-content\/uploads\/2018\/07\/Puuartisti-koivulankkup\u00f6yt\u00e4-Kuvaaja-Joona-Kotilainen-4_WATERMARKED.jpg&#8221; show_in_lightbox=&#8221;off&#8221; url_new_window=&#8221;off&#8221; use_overlay=&#8221;off&#8221; always_center_on_mobile=&#8221;on&#8221; force_fullwidth=&#8221;off&#8221; show_bottom_space=&#8221;on&#8221; url=&#8221;\/koivulankkupoyta\/&#8221; \/][et_pb_text admin_label=&#8221;KOIVULANKKUP\u00d6YT\u00c4&#8221; _builder_version=&#8221;3.0.105&#8243; background_layout=&#8221;light&#8221;]<\/p>\n<h6>KOIVULANKKUP\u00d6YT\u00c4<\/h6>\n<p>Minimalistisen kaunis ruokap\u00f6yt\u00e4 valmistettiin paksusta lankusta ja s\u00e4ilytettiin puhtaan koivun v\u00e4risen\u00e4.<\/p>\n<p><a href=\"\/koivulankkupoyta\/\">Tutustu projektiin &gt; <\/a><\/p>\n<p>[\/et_pb_text][\/et_pb_column][et_pb_column type=&#8221;1_2&#8243;][et_pb_image _builder_version=&#8221;3.0.105&#8243; src=&#8221;\/wp-content\/uploads\/2018\/07\/PokeriPouta-03_WATERMARKED.jpg&#8221; show_in_lightbox=&#8221;off&#8221; url_new_window=&#8221;off&#8221; use_overlay=&#8221;off&#8221; always_center_on_mobile=&#8221;on&#8221; force_fullwidth=&#8221;off&#8221; show_bottom_space=&#8221;on&#8221; url=&#8221;\/korttipelipoyta\/&#8221; \/][et_pb_text admin_label=&#8221;KORTTIPELIP\u00d6YT\u00c4&#8221; _builder_version=&#8221;3.0.105&#8243; background_layout=&#8221;light&#8221;]<\/p>\n<h6>KORTTIPELIP\u00d6YT\u00c4<\/h6>\n<p>Korttipelip\u00f6yd\u00e4n juju on kahdeksankulmaisuus, joka toistuu p\u00f6yd\u00e4nkannessa ja jalkarakenteessa.<\/p>\n<p><a href=\"\/korttipelipoyta\/\">Tutustu projektiin &gt; <\/a><\/p>\n<p>[\/et_pb_text][\/et_pb_column][\/et_pb_row][\/et_pb_section][et_pb_section bb_built=&#8221;1&#8243; fullwidth=&#8221;off&#8221; specialty=&#8221;off&#8221; prev_background_color=&#8221;#000000&#8243; _builder_version=&#8221;3.0.105&#8243; module_class=&#8221;pad_top_none pad_bot_none&#8221;][et_pb_row _builder_version=&#8221;3.10.1&#8243; module_class=&#8221;mob_txt_row_pad_bottom&#8221;][et_pb_column type=&#8221;1_2&#8243;][et_pb_image _builder_version=&#8221;3.0.105&#8243; src=&#8221;\/wp-content\/uploads\/2018\/07\/Vanhapuup\u00f6yt\u00e4-original-2_WATERMARKED.jpg&#8221; show_in_lightbox=&#8221;off&#8221; url_new_window=&#8221;off&#8221; use_overlay=&#8221;off&#8221; always_center_on_mobile=&#8221;on&#8221; force_fullwidth=&#8221;off&#8221; show_bottom_space=&#8221;on&#8221; url=&#8221;\/rustiikkinen-keittionpoyta\/&#8221; \/][et_pb_text admin_label=&#8221;RUSTIIKKINEN KEITTI\u00d6NP\u00d6YT\u00c4&#8221; _builder_version=&#8221;3.0.105&#8243; background_layout=&#8221;light&#8221;]<\/p>\n<h6>RUSTIIKKINEN KEITTI\u00d6NP\u00d6YT\u00c4<\/h6>\n<p>Historiaa huokuvat, yli sata vuotta vanhat lankut saivat uuden el\u00e4m\u00e4n yksinkertaisen kauniissa ruokap\u00f6yd\u00e4ss\u00e4.<\/p>\n<p><a href=\"\/rustiikkinen-keittionpoyta\/\">Tutustu projektiin &gt; <\/a><\/p>\n<p>[\/et_pb_text][\/et_pb_column][et_pb_column type=&#8221;1_2&#8243;][et_pb_image _builder_version=&#8221;3.0.105&#8243; src=&#8221;\/wp-content\/uploads\/2018\/07\/Suutarinp\u00f6yt\u00e4-2_WATERMARKED.jpg&#8221; show_in_lightbox=&#8221;off&#8221; url_new_window=&#8221;off&#8221; use_overlay=&#8221;off&#8221; always_center_on_mobile=&#8221;on&#8221; force_fullwidth=&#8221;off&#8221; show_bottom_space=&#8221;on&#8221; url=&#8221;\/suutarinpoyta\/&#8221; \/][et_pb_text admin_label=&#8221;SUUTARINP\u00d6YT\u00c4&#8221; _builder_version=&#8221;3.0.105&#8243; background_layout=&#8221;light&#8221;]<\/p>\n<h6>SUUTARINP\u00d6YT\u00c4<\/h6>\n<p>Asiakkaan remontissa l\u00f6yt\u00e4m\u00e4t vanhat lankut p\u00e4\u00e4siv\u00e4t kunniapaikalle reilunkokoisena ruokasalinp\u00f6yt\u00e4n\u00e4.<\/p>\n<p><a href=\"\/suutarinpoyta\/\">Tutustu projektiin &gt; <\/a><\/p>\n<p>[\/et_pb_text][\/et_pb_column][\/et_pb_row][et_pb_row _builder_version=&#8221;3.10.1&#8243;][et_pb_column type=&#8221;1_2&#8243;][et_pb_image _builder_version=&#8221;3.0.105&#8243; src=&#8221;\/wp-content\/uploads\/2018\/07\/Punatamminen-poyta-Puuartisti-Valokuvaaja-Leila-Koistinen-3_WATERMARKED.jpg&#8221; show_in_lightbox=&#8221;off&#8221; url_new_window=&#8221;off&#8221; use_overlay=&#8221;off&#8221; always_center_on_mobile=&#8221;on&#8221; force_fullwidth=&#8221;off&#8221; show_bottom_space=&#8221;on&#8221; url=&#8221;\/punatamminen-poydankansi\/&#8221; \/][et_pb_text admin_label=&#8221;PUNATAMMINEN P\u00d6YD\u00c4NKANSI&#8221; _builder_version=&#8221;3.0.105&#8243; background_layout=&#8221;light&#8221;]<\/p>\n<h6>PUNATAMMINEN P\u00d6YD\u00c4NKANSI<\/h6>\n<p>Toimme esille tammen luonnollista v\u00e4rivaihtelua p\u00f6yd\u00e4nkannessa, joka t\u00e4ydent\u00e4\u00e4 kaupunkikodin ruokailutilan tyylik\u00e4st\u00e4 sisustusta.<\/p>\n<p><a href=\"\/punatamminen-poydankansi\/\">Tutustu projektiin &gt; <\/a><\/p>\n<p>[\/et_pb_text][\/et_pb_column][et_pb_column type=&#8221;1_2&#8243;][\/et_pb_column][\/et_pb_row][et_pb_row _builder_version=&#8221;3.10.1&#8243; module_class=&#8221;divider&#8221;][et_pb_column type=&#8221;4_4&#8243;][et_pb_image _builder_version=&#8221;3.0.105&#8243; src=&#8221;\/wp-content\/uploads\/2018\/02\/wave-border.png&#8221; show_in_lightbox=&#8221;off&#8221; url_new_window=&#8221;off&#8221; use_overlay=&#8221;off&#8221; always_center_on_mobile=&#8221;on&#8221; force_fullwidth=&#8221;off&#8221; show_bottom_space=&#8221;on&#8221; \/][\/et_pb_column][\/et_pb_row][\/et_pb_section]<\/p>\n","protected":false},"excerpt":{"rendered":"<p>Mittatilausp\u00f6yd\u00e4t Sytymme haasteista. Puu on ainutlaatuinen materiaali, joka tarjoaa rajattomasti mahdollisuuksia h\u00e4mm\u00e4stytt\u00e4miseen ja uuden l\u00f6yt\u00e4miseen. Sanomme vahvasti ei kertak\u00e4ytt\u00f6kulttuurille ja massatuotannolle &#8211; luomme viimeisteltyj\u00e4 ja merkityksellisi\u00e4 kalusteita, jotka ker\u00e4\u00e4v\u00e4t tarinoita ymp\u00e4rilleen ja kest\u00e4v\u00e4t sukupolvelta toiselle. Jokaisella valmistamallamme kalusteella, sisustuksella tai rakenteella on tarina. Sen alkupisteen\u00e4 toimii visio vaikuttavammasta tilasta, joka kaipaa viimeistelty\u00e4 ratkaisua. Visiosi muokkautuu [&hellip;]<\/p>\n","protected":false},"author":2,"featured_media":0,"parent":0,"menu_order":0,"comment_status":"closed","ping_status":"closed","template":"","meta":{"_et_pb_use_builder":"on","_et_pb_old_content":"","_et_gb_content_width":"","footnotes":""},"class_list":["post-217293","page","type-page","status-publish","hentry"],"yoast_head":"<!-- This site is optimized with the Yoast SEO plugin v27.4 - https:\/\/yoast.com\/product\/yoast-seo-wordpress\/ -->\n<title>Mittatilausp\u00f6yd\u00e4t - Puuartisti<\/title>\n<meta name=\"robots\" content=\"index, follow, max-snippet:-1, max-image-preview:large, max-video-preview:-1\" \/>\n<link rel=\"canonical\" href=\"https:\/\/puuartisti.fi\/en\/mittatilauspoydat\/\" \/>\n<meta property=\"og:locale\" content=\"en_US\" \/>\n<meta property=\"og:type\" content=\"article\" \/>\n<meta property=\"og:title\" content=\"Mittatilausp\u00f6yd\u00e4t - Puuartisti\" \/>\n<meta property=\"og:description\" content=\"Mittatilausp\u00f6yd\u00e4t Sytymme haasteista. Puu on ainutlaatuinen materiaali, joka tarjoaa rajattomasti mahdollisuuksia h\u00e4mm\u00e4stytt\u00e4miseen ja uuden l\u00f6yt\u00e4miseen. Sanomme vahvasti ei kertak\u00e4ytt\u00f6kulttuurille ja massatuotannolle - luomme viimeisteltyj\u00e4 ja merkityksellisi\u00e4 kalusteita, jotka ker\u00e4\u00e4v\u00e4t tarinoita ymp\u00e4rilleen ja kest\u00e4v\u00e4t sukupolvelta toiselle. Jokaisella valmistamallamme kalusteella, sisustuksella tai rakenteella on tarina. Sen alkupisteen\u00e4 toimii visio vaikuttavammasta tilasta, joka kaipaa viimeistelty\u00e4 ratkaisua. Visiosi muokkautuu [&hellip;]\" \/>\n<meta property=\"og:url\" content=\"https:\/\/puuartisti.fi\/en\/mittatilauspoydat\/\" \/>\n<meta property=\"og:site_name\" content=\"Puuartisti\" \/>\n<meta property=\"article:modified_time\" content=\"2020-03-11T08:06:38+00:00\" \/>\n<meta name=\"twitter:card\" content=\"summary_large_image\" \/>\n<meta name=\"twitter:label1\" content=\"Est. reading time\" \/>\n\t<meta name=\"twitter:data1\" content=\"10 minutes\" \/>\n<script type=\"application\/ld+json\" class=\"yoast-schema-graph\">{\"@context\":\"https:\\\/\\\/schema.org\",\"@graph\":[{\"@type\":\"WebPage\",\"@id\":\"https:\\\/\\\/puuartisti.fi\\\/en\\\/mittatilauspoydat\\\/\",\"url\":\"https:\\\/\\\/puuartisti.fi\\\/en\\\/mittatilauspoydat\\\/\",\"name\":\"Mittatilausp\u00f6yd\u00e4t - Puuartisti\",\"isPartOf\":{\"@id\":\"https:\\\/\\\/puuartisti.fi\\\/#website\"},\"datePublished\":\"2019-09-21T16:22:02+00:00\",\"dateModified\":\"2020-03-11T08:06:38+00:00\",\"breadcrumb\":{\"@id\":\"https:\\\/\\\/puuartisti.fi\\\/en\\\/mittatilauspoydat\\\/#breadcrumb\"},\"inLanguage\":\"en-US\",\"potentialAction\":[{\"@type\":\"ReadAction\",\"target\":[\"https:\\\/\\\/puuartisti.fi\\\/en\\\/mittatilauspoydat\\\/\"]}]},{\"@type\":\"BreadcrumbList\",\"@id\":\"https:\\\/\\\/puuartisti.fi\\\/en\\\/mittatilauspoydat\\\/#breadcrumb\",\"itemListElement\":[{\"@type\":\"ListItem\",\"position\":1,\"name\":\"Home\",\"item\":\"https:\\\/\\\/puuartisti.fi\\\/en\\\/\"},{\"@type\":\"ListItem\",\"position\":2,\"name\":\"Mittatilausp\u00f6yd\u00e4t\"}]},{\"@type\":\"WebSite\",\"@id\":\"https:\\\/\\\/puuartisti.fi\\\/#website\",\"url\":\"https:\\\/\\\/puuartisti.fi\\\/\",\"name\":\"Puuartisti\",\"description\":\"Merkityst\u00e4 puusta\",\"potentialAction\":[{\"@type\":\"SearchAction\",\"target\":{\"@type\":\"EntryPoint\",\"urlTemplate\":\"https:\\\/\\\/puuartisti.fi\\\/?s={search_term_string}\"},\"query-input\":{\"@type\":\"PropertyValueSpecification\",\"valueRequired\":true,\"valueName\":\"search_term_string\"}}],\"inLanguage\":\"en-US\"}]}<\/script>\n<!-- \/ Yoast SEO plugin. -->","yoast_head_json":{"title":"Mittatilausp\u00f6yd\u00e4t - Puuartisti","robots":{"index":"index","follow":"follow","max-snippet":"max-snippet:-1","max-image-preview":"max-image-preview:large","max-video-preview":"max-video-preview:-1"},"canonical":"https:\/\/puuartisti.fi\/en\/mittatilauspoydat\/","og_locale":"en_US","og_type":"article","og_title":"Mittatilausp\u00f6yd\u00e4t - Puuartisti","og_description":"Mittatilausp\u00f6yd\u00e4t Sytymme haasteista. Puu on ainutlaatuinen materiaali, joka tarjoaa rajattomasti mahdollisuuksia h\u00e4mm\u00e4stytt\u00e4miseen ja uuden l\u00f6yt\u00e4miseen. Sanomme vahvasti ei kertak\u00e4ytt\u00f6kulttuurille ja massatuotannolle - luomme viimeisteltyj\u00e4 ja merkityksellisi\u00e4 kalusteita, jotka ker\u00e4\u00e4v\u00e4t tarinoita ymp\u00e4rilleen ja kest\u00e4v\u00e4t sukupolvelta toiselle. Jokaisella valmistamallamme kalusteella, sisustuksella tai rakenteella on tarina. Sen alkupisteen\u00e4 toimii visio vaikuttavammasta tilasta, joka kaipaa viimeistelty\u00e4 ratkaisua. Visiosi muokkautuu [&hellip;]","og_url":"https:\/\/puuartisti.fi\/en\/mittatilauspoydat\/","og_site_name":"Puuartisti","article_modified_time":"2020-03-11T08:06:38+00:00","twitter_card":"summary_large_image","twitter_misc":{"Est. reading time":"10 minutes"},"schema":{"@context":"https:\/\/schema.org","@graph":[{"@type":"WebPage","@id":"https:\/\/puuartisti.fi\/en\/mittatilauspoydat\/","url":"https:\/\/puuartisti.fi\/en\/mittatilauspoydat\/","name":"Mittatilausp\u00f6yd\u00e4t - Puuartisti","isPartOf":{"@id":"https:\/\/puuartisti.fi\/#website"},"datePublished":"2019-09-21T16:22:02+00:00","dateModified":"2020-03-11T08:06:38+00:00","breadcrumb":{"@id":"https:\/\/puuartisti.fi\/en\/mittatilauspoydat\/#breadcrumb"},"inLanguage":"en-US","potentialAction":[{"@type":"ReadAction","target":["https:\/\/puuartisti.fi\/en\/mittatilauspoydat\/"]}]},{"@type":"BreadcrumbList","@id":"https:\/\/puuartisti.fi\/en\/mittatilauspoydat\/#breadcrumb","itemListElement":[{"@type":"ListItem","position":1,"name":"Home","item":"https:\/\/puuartisti.fi\/en\/"},{"@type":"ListItem","position":2,"name":"Mittatilausp\u00f6yd\u00e4t"}]},{"@type":"WebSite","@id":"https:\/\/puuartisti.fi\/#website","url":"https:\/\/puuartisti.fi\/","name":"Puuartisti","description":"Merkityst\u00e4 puusta","potentialAction":[{"@type":"SearchAction","target":{"@type":"EntryPoint","urlTemplate":"https:\/\/puuartisti.fi\/?s={search_term_string}"},"query-input":{"@type":"PropertyValueSpecification","valueRequired":true,"valueName":"search_term_string"}}],"inLanguage":"en-US"}]}},"_links":{"self":[{"href":"https:\/\/puuartisti.fi\/en\/wp-json\/wp\/v2\/pages\/217293","targetHints":{"allow":["GET"]}}],"collection":[{"href":"https:\/\/puuartisti.fi\/en\/wp-json\/wp\/v2\/pages"}],"about":[{"href":"https:\/\/puuartisti.fi\/en\/wp-json\/wp\/v2\/types\/page"}],"author":[{"embeddable":true,"href":"https:\/\/puuartisti.fi\/en\/wp-json\/wp\/v2\/users\/2"}],"replies":[{"embeddable":true,"href":"https:\/\/puuartisti.fi\/en\/wp-json\/wp\/v2\/comments?post=217293"}],"version-history":[{"count":2,"href":"https:\/\/puuartisti.fi\/en\/wp-json\/wp\/v2\/pages\/217293\/revisions"}],"predecessor-version":[{"id":217309,"href":"https:\/\/puuartisti.fi\/en\/wp-json\/wp\/v2\/pages\/217293\/revisions\/217309"}],"wp:attachment":[{"href":"https:\/\/puuartisti.fi\/en\/wp-json\/wp\/v2\/media?parent=217293"}],"curies":[{"name":"wp","href":"https:\/\/api.w.org\/{rel}","templated":true}]}}