{"id":217330,"date":"2019-05-08T08:04:18","date_gmt":"2019-05-08T08:04:18","guid":{"rendered":"https:\/\/puuartisti.fi\/vaalea-ruokapoyta-metallijaloilla\/"},"modified":"2020-03-11T08:15:03","modified_gmt":"2020-03-11T08:15:03","slug":"vaalea-ruokapoyta-metallijaloilla","status":"publish","type":"page","link":"https:\/\/puuartisti.fi\/en\/vaalea-ruokapoyta-metallijaloilla\/","title":{"rendered":"Vaalea ruokap\u00f6yt\u00e4 metallijaloilla"},"content":{"rendered":"<p>[et_pb_section bb_built=&#8221;1&#8243; specialty=&#8221;off&#8221; _builder_version=&#8221;3.10.1&#8243; module_class=&#8221;product-title&#8221; next_background_color=&#8221;#000000&#8243; disabled=&#8221;off&#8221; disabled_on=&#8221;on||&#8221;][et_pb_row _builder_version=&#8221;3.0.105&#8243; use_custom_gutter=&#8221;on&#8221; gutter_width=&#8221;2&#8243;][et_pb_column type=&#8221;1_4&#8243;][et_pb_button admin_label=&#8221;KAIKKI PROJEKTIT Button&#8221; _builder_version=&#8221;3.0.105&#8243; button_text=&#8221;KAIKKI PROJEKTIT&#8221; url_new_window=&#8221;off&#8221; background_layout=&#8221;light&#8221; custom_button=&#8221;on&#8221; button_icon_placement=&#8221;left&#8221; module_class=&#8221;product-back-button&#8221; button_icon=&#8221;%%19%%&#8221; button_url=&#8221;\/mittatilausprojektit\/&#8221; button_text_size__hover_enabled=&#8221;off&#8221; button_text_size__hover=&#8221;null&#8221; button_one_text_size__hover_enabled=&#8221;off&#8221; button_one_text_size__hover=&#8221;null&#8221; button_two_text_size__hover_enabled=&#8221;off&#8221; button_two_text_size__hover=&#8221;null&#8221; button_text_color__hover_enabled=&#8221;off&#8221; button_text_color__hover=&#8221;null&#8221; button_one_text_color__hover_enabled=&#8221;off&#8221; button_one_text_color__hover=&#8221;null&#8221; button_two_text_color__hover_enabled=&#8221;off&#8221; button_two_text_color__hover=&#8221;null&#8221; button_border_width__hover_enabled=&#8221;off&#8221; button_border_width__hover=&#8221;null&#8221; button_one_border_width__hover_enabled=&#8221;off&#8221; button_one_border_width__hover=&#8221;null&#8221; button_two_border_width__hover_enabled=&#8221;off&#8221; button_two_border_width__hover=&#8221;null&#8221; button_border_color__hover_enabled=&#8221;off&#8221; button_border_color__hover=&#8221;null&#8221; button_one_border_color__hover_enabled=&#8221;off&#8221; button_one_border_color__hover=&#8221;null&#8221; button_two_border_color__hover_enabled=&#8221;off&#8221; button_two_border_color__hover=&#8221;null&#8221; button_border_radius__hover_enabled=&#8221;off&#8221; button_border_radius__hover=&#8221;null&#8221; button_one_border_radius__hover_enabled=&#8221;off&#8221; button_one_border_radius__hover=&#8221;null&#8221; button_two_border_radius__hover_enabled=&#8221;off&#8221; button_two_border_radius__hover=&#8221;null&#8221; button_letter_spacing__hover_enabled=&#8221;off&#8221; button_letter_spacing__hover=&#8221;null&#8221; button_one_letter_spacing__hover_enabled=&#8221;off&#8221; button_one_letter_spacing__hover=&#8221;null&#8221; button_two_letter_spacing__hover_enabled=&#8221;off&#8221; button_two_letter_spacing__hover=&#8221;null&#8221; button_bg_color__hover_enabled=&#8221;off&#8221; button_bg_color__hover=&#8221;null&#8221; button_one_bg_color__hover_enabled=&#8221;off&#8221; button_one_bg_color__hover=&#8221;null&#8221; button_two_bg_color__hover_enabled=&#8221;off&#8221; button_two_bg_color__hover=&#8221;null&#8221; \/][\/et_pb_column][et_pb_column type=&#8221;1_2&#8243;][\/et_pb_column][et_pb_column type=&#8221;1_4&#8243;][et_pb_button admin_label=&#8221;Pyyd\u00e4 tarjous Button&#8221; _builder_version=&#8221;3.0.105&#8243; button_text=&#8221;Pyyd\u00e4 tarjous&#8221; url_new_window=&#8221;off&#8221; button_alignment=&#8221;left&#8221; background_layout=&#8221;light&#8221; custom_button=&#8221;off&#8221; button_icon_placement=&#8221;right&#8221; module_class=&#8221;button_title_product&#8221; button_url=&#8221;\/ota-yhteytta\/&#8221; button_text_size__hover_enabled=&#8221;off&#8221; button_text_size__hover=&#8221;null&#8221; button_one_text_size__hover_enabled=&#8221;off&#8221; button_one_text_size__hover=&#8221;null&#8221; button_two_text_size__hover_enabled=&#8221;off&#8221; button_two_text_size__hover=&#8221;null&#8221; button_text_color__hover_enabled=&#8221;off&#8221; button_text_color__hover=&#8221;null&#8221; button_one_text_color__hover_enabled=&#8221;off&#8221; button_one_text_color__hover=&#8221;null&#8221; button_two_text_color__hover_enabled=&#8221;off&#8221; button_two_text_color__hover=&#8221;null&#8221; button_border_width__hover_enabled=&#8221;off&#8221; button_border_width__hover=&#8221;null&#8221; button_one_border_width__hover_enabled=&#8221;off&#8221; button_one_border_width__hover=&#8221;null&#8221; button_two_border_width__hover_enabled=&#8221;off&#8221; button_two_border_width__hover=&#8221;null&#8221; button_border_color__hover_enabled=&#8221;off&#8221; button_border_color__hover=&#8221;null&#8221; button_one_border_color__hover_enabled=&#8221;off&#8221; button_one_border_color__hover=&#8221;null&#8221; button_two_border_color__hover_enabled=&#8221;off&#8221; button_two_border_color__hover=&#8221;null&#8221; button_border_radius__hover_enabled=&#8221;off&#8221; button_border_radius__hover=&#8221;null&#8221; button_one_border_radius__hover_enabled=&#8221;off&#8221; button_one_border_radius__hover=&#8221;null&#8221; button_two_border_radius__hover_enabled=&#8221;off&#8221; button_two_border_radius__hover=&#8221;null&#8221; button_letter_spacing__hover_enabled=&#8221;off&#8221; button_letter_spacing__hover=&#8221;null&#8221; button_one_letter_spacing__hover_enabled=&#8221;off&#8221; button_one_letter_spacing__hover=&#8221;null&#8221; button_two_letter_spacing__hover_enabled=&#8221;off&#8221; button_two_letter_spacing__hover=&#8221;null&#8221; button_bg_color__hover_enabled=&#8221;off&#8221; button_bg_color__hover=&#8221;null&#8221; button_one_bg_color__hover_enabled=&#8221;off&#8221; button_one_bg_color__hover=&#8221;null&#8221; button_two_bg_color__hover_enabled=&#8221;off&#8221; button_two_bg_color__hover=&#8221;null&#8221; \/][\/et_pb_column][\/et_pb_row][\/et_pb_section][et_pb_section bb_built=&#8221;1&#8243; specialty=&#8221;off&#8221; prev_background_color=&#8221;#000000&#8243; next_background_color=&#8221;#000000&#8243; _builder_version=&#8221;3.10.1&#8243; module_class=&#8221;pad_top_none pad_bot_none product-title mob_top_pad&#8221;][et_pb_row][et_pb_column type=&#8221;4_4&#8243;][et_pb_text _builder_version=&#8221;3.21.4&#8243; z_index_tablet=&#8221;500&#8243;]<\/p>\n<h2>Vaalea ruokap\u00f6yt\u00e4 metallijaloilla<\/h2>\n<p><strong>Asiakkaan kanssa tiiviiss\u00e4 yhteisty\u00f6ss\u00e4 suunniteltu ruokap\u00f6yt\u00e4 sai uniikin ilmeen erilaisilla kulmien py\u00f6ristyksill\u00e4.<\/strong><\/p>\n<p>[\/et_pb_text][\/et_pb_column][\/et_pb_row][\/et_pb_section][et_pb_section bb_built=&#8221;1&#8243; prev_background_color=&#8221;#000000&#8243; _builder_version=&#8221;3.0.105&#8243; module_class=&#8221;pad_top_none pad_bot_none&#8221; next_background_color=&#8221;#000000&#8243;][et_pb_row][et_pb_column type=&#8221;4_4&#8243;][et_pb_image _builder_version=&#8221;3.21.4&#8243; src=&#8221;https:\/\/puuartisti.fi\/wp-content\/uploads\/2019\/05\/Puuartisti_Poydat_2018_Saynevirta_Photography_Video_PRINT-09977_header.jpg&#8221; alt=&#8221;Valkotamminen ruokap\u00f6yt\u00e4&#8221; title_text=&#8221;Valkotamminen ruokap\u00f6yt\u00e4&#8221; z_index_tablet=&#8221;500&#8243; \/][\/et_pb_column][\/et_pb_row][\/et_pb_section][et_pb_section bb_built=&#8221;1&#8243; fullwidth=&#8221;off&#8221; specialty=&#8221;on&#8221; prev_background_color=&#8221;#000000&#8243; _builder_version=&#8221;3.0.105&#8243; module_class=&#8221;pad_top_none pad_bot_none&#8221; next_background_color=&#8221;#000000&#8243;][et_pb_column type=&#8221;1_2&#8243;][et_pb_text _builder_version=&#8221;3.21.4&#8243; z_index_tablet=&#8221;500&#8243;]<\/p>\n<p>T\u00e4ss\u00e4 projektissa asiakkaalla oli eritt\u00e4in selke\u00e4 visio siit\u00e4, mit\u00e4 ominaisuuksia p\u00f6yd\u00e4ll\u00e4 t\u00e4ytyy olla sek\u00e4 millaista muotoilua haetaan. H\u00e4nen toiveissaan oli, ettei kannen kuviointi olisi liian levoton vaan kokonaisvaikutelma olisi rauhallinen.<\/p>\n<p>P\u00f6yd\u00e4n kansi on valmistettu valkotammesta. Pohjalle on levitetty kuulas \u00f6ljypetsi, jotta luonnollisuus j\u00e4\u00e4 esiin ja p\u00e4\u00e4lle on levitetty v\u00e4rit\u00f6n mattavaha, joka kest\u00e4\u00e4 kulutusta. Miikka suunnitteli p\u00f6yt\u00e4\u00e4n yksityiskohdat sek\u00e4 materiaalit. P\u00f6yd\u00e4n pulverimaalatut A-malliset rautajalat saapuivat Pes\u00e4l\u00e4n Pajalta.<\/p>\n<p>Kannen py\u00f6ristyksi\u00e4 kokeiltiin useammanlaisia. Kannen alareuna sek\u00e4 pystykulmat on tehty loivemmalla py\u00f6ristyksell\u00e4, kun taas yl\u00e4reunassa on k\u00e4ytetty jyrkemp\u00e4\u00e4 kulmaa. Py\u00f6ristetyt kulmat ovat my\u00f6s lapsiyst\u00e4v\u00e4llinen vaihtoehto.<\/p>\n<p>Asiakas oli tyytyv\u00e4inen ja innoissaan p\u00f6yd\u00e4st\u00e4, joka valmistettiin ja suunniteltiin tiiviiss\u00e4 yhteisty\u00f6ss\u00e4. Lopputulos oli sellainen kuin h\u00e4n oli ajatellutkin.<\/p>\n<p>[\/et_pb_text][\/et_pb_column][et_pb_column type=&#8221;1_2&#8243; specialty_columns=&#8221;2&#8243;][et_pb_row_inner admin_label=&#8221;Row&#8221;][et_pb_column_inner type=&#8221;1_2&#8243; saved_specialty_column_type=&#8221;1_2&#8243;][et_pb_image _builder_version=&#8221;3.21.4&#8243; src=&#8221;https:\/\/puuartisti.fi\/wp-content\/uploads\/2018\/02\/Puuartisti_Poydat_2018_Saynevirta_Photography_Video_1200px-09976.jpg&#8221; show_in_lightbox=&#8221;on&#8221; use_overlay=&#8221;on&#8221; overlay_icon_color=&#8221;#333333&#8243; hover_overlay_color=&#8221;rgba(255,255,255,0.55)&#8221; hover_icon=&#8221;%%51%%&#8221; z_index_tablet=&#8221;500&#8243; \/][et_pb_image _builder_version=&#8221;3.21.4&#8243; src=&#8221;https:\/\/puuartisti.fi\/wp-content\/uploads\/2018\/02\/Puuartisti_Poydat_2018_Saynevirta_Photography_Video_1200px-09973.jpg&#8221; show_in_lightbox=&#8221;on&#8221; use_overlay=&#8221;on&#8221; overlay_icon_color=&#8221;#333333&#8243; hover_overlay_color=&#8221;rgba(255,255,255,0.55)&#8221; hover_icon=&#8221;%%51%%&#8221; z_index_tablet=&#8221;500&#8243; \/][\/et_pb_column_inner][et_pb_column_inner type=&#8221;1_2&#8243; saved_specialty_column_type=&#8221;1_2&#8243;][et_pb_image _builder_version=&#8221;3.21.4&#8243; src=&#8221;https:\/\/puuartisti.fi\/wp-content\/uploads\/2018\/02\/Puuartisti_Poydat_2018_Saynevirta_Photography_Video_1200px-09975.jpg&#8221; show_in_lightbox=&#8221;on&#8221; use_overlay=&#8221;on&#8221; overlay_icon_color=&#8221;#333333&#8243; hover_overlay_color=&#8221;rgba(255,255,255,0.55)&#8221; hover_icon=&#8221;%%51%%&#8221; z_index_tablet=&#8221;500&#8243; \/][et_pb_image _builder_version=&#8221;3.21.4&#8243; src=&#8221;https:\/\/puuartisti.fi\/wp-content\/uploads\/2018\/02\/Puuartisti_Poydat_2018_Saynevirta_Photography_Video_1200px-09969.jpg&#8221; show_in_lightbox=&#8221;on&#8221; use_overlay=&#8221;on&#8221; overlay_icon_color=&#8221;#333333&#8243; hover_overlay_color=&#8221;rgba(255,255,255,0.55)&#8221; hover_icon=&#8221;%%51%%&#8221; z_index_tablet=&#8221;500&#8243; \/][\/et_pb_column_inner][\/et_pb_row_inner][et_pb_row_inner admin_label=&#8221;Row&#8221; _builder_version=&#8221;3.0.105&#8243; module_class=&#8221;product&#8221;][et_pb_column_inner type=&#8221;4_4&#8243; saved_specialty_column_type=&#8221;1_2&#8243;][et_pb_text _builder_version=&#8221;3.21.4&#8243; z_index_tablet=&#8221;500&#8243;]<\/p>\n<h6>Suunnittelu: <span>Miikka Kotilainen | Puuartisti ja asiakas<\/span><\/h6>\n<h6>Metallijalat: <span><a href=\"https:\/\/pesalanpaja.fi\/\" rel=\"noopener noreferrer\" target=\"_blank\">Pes\u00e4l\u00e4n Paja<\/a><\/span><\/h6>\n<h6>Toteutus: <span>Puuartisti<\/span><\/h6>\n<h6>Valokuvat: <span><a href=\"https:\/\/www.saynevirta.fi\/\" rel=\"noopener noreferrer\" target=\"_blank\">Harri S\u00e4ynevirta<\/a><\/span><\/h6>\n<p>[\/et_pb_text][\/et_pb_column_inner][\/et_pb_row_inner][\/et_pb_column][\/et_pb_section][et_pb_section bb_built=&#8221;1&#8243; specialty=&#8221;off&#8221; _builder_version=&#8221;3.10.1&#8243; module_class=&#8221;product-title&#8221; next_background_color=&#8221;#000000&#8243; prev_background_color=&#8221;#000000&#8243; disabled=&#8221;off&#8221; disabled_on=&#8221;off|on|on&#8221;][et_pb_row _builder_version=&#8221;3.0.105&#8243; use_custom_gutter=&#8221;on&#8221; gutter_width=&#8221;2&#8243;][et_pb_column type=&#8221;1_4&#8243;][et_pb_button admin_label=&#8221;KAIKKI PROJEKTIT Button&#8221; _builder_version=&#8221;3.0.105&#8243; button_text=&#8221;KAIKKI PROJEKTIT&#8221; url_new_window=&#8221;off&#8221; background_layout=&#8221;light&#8221; custom_button=&#8221;on&#8221; button_icon_placement=&#8221;left&#8221; module_class=&#8221;product-back-button&#8221; button_icon=&#8221;%%19%%&#8221; button_url=&#8221;\/mittatilausprojektit\/&#8221; button_text_size__hover_enabled=&#8221;off&#8221; button_text_size__hover=&#8221;null&#8221; button_one_text_size__hover_enabled=&#8221;off&#8221; button_one_text_size__hover=&#8221;null&#8221; button_two_text_size__hover_enabled=&#8221;off&#8221; button_two_text_size__hover=&#8221;null&#8221; button_text_color__hover_enabled=&#8221;off&#8221; button_text_color__hover=&#8221;null&#8221; button_one_text_color__hover_enabled=&#8221;off&#8221; button_one_text_color__hover=&#8221;null&#8221; button_two_text_color__hover_enabled=&#8221;off&#8221; button_two_text_color__hover=&#8221;null&#8221; button_border_width__hover_enabled=&#8221;off&#8221; button_border_width__hover=&#8221;null&#8221; button_one_border_width__hover_enabled=&#8221;off&#8221; button_one_border_width__hover=&#8221;null&#8221; button_two_border_width__hover_enabled=&#8221;off&#8221; button_two_border_width__hover=&#8221;null&#8221; button_border_color__hover_enabled=&#8221;off&#8221; button_border_color__hover=&#8221;null&#8221; button_one_border_color__hover_enabled=&#8221;off&#8221; button_one_border_color__hover=&#8221;null&#8221; button_two_border_color__hover_enabled=&#8221;off&#8221; button_two_border_color__hover=&#8221;null&#8221; button_border_radius__hover_enabled=&#8221;off&#8221; button_border_radius__hover=&#8221;null&#8221; button_one_border_radius__hover_enabled=&#8221;off&#8221; button_one_border_radius__hover=&#8221;null&#8221; button_two_border_radius__hover_enabled=&#8221;off&#8221; button_two_border_radius__hover=&#8221;null&#8221; button_letter_spacing__hover_enabled=&#8221;off&#8221; button_letter_spacing__hover=&#8221;null&#8221; button_one_letter_spacing__hover_enabled=&#8221;off&#8221; button_one_letter_spacing__hover=&#8221;null&#8221; button_two_letter_spacing__hover_enabled=&#8221;off&#8221; button_two_letter_spacing__hover=&#8221;null&#8221; button_bg_color__hover_enabled=&#8221;off&#8221; button_bg_color__hover=&#8221;null&#8221; button_one_bg_color__hover_enabled=&#8221;off&#8221; button_one_bg_color__hover=&#8221;null&#8221; button_two_bg_color__hover_enabled=&#8221;off&#8221; button_two_bg_color__hover=&#8221;null&#8221; \/][\/et_pb_column][et_pb_column type=&#8221;1_2&#8243;][\/et_pb_column][et_pb_column type=&#8221;1_4&#8243;][et_pb_button admin_label=&#8221;Pyyd\u00e4 tarjous Button&#8221; _builder_version=&#8221;3.0.105&#8243; button_text=&#8221;Pyyd\u00e4 tarjous&#8221; url_new_window=&#8221;off&#8221; button_alignment=&#8221;left&#8221; background_layout=&#8221;light&#8221; custom_button=&#8221;off&#8221; button_icon_placement=&#8221;right&#8221; module_class=&#8221;button_title_product&#8221; button_url=&#8221;\/ota-yhteytta\/&#8221; button_text_size__hover_enabled=&#8221;off&#8221; button_text_size__hover=&#8221;null&#8221; button_one_text_size__hover_enabled=&#8221;off&#8221; button_one_text_size__hover=&#8221;null&#8221; button_two_text_size__hover_enabled=&#8221;off&#8221; button_two_text_size__hover=&#8221;null&#8221; button_text_color__hover_enabled=&#8221;off&#8221; button_text_color__hover=&#8221;null&#8221; button_one_text_color__hover_enabled=&#8221;off&#8221; button_one_text_color__hover=&#8221;null&#8221; button_two_text_color__hover_enabled=&#8221;off&#8221; button_two_text_color__hover=&#8221;null&#8221; button_border_width__hover_enabled=&#8221;off&#8221; button_border_width__hover=&#8221;null&#8221; button_one_border_width__hover_enabled=&#8221;off&#8221; button_one_border_width__hover=&#8221;null&#8221; button_two_border_width__hover_enabled=&#8221;off&#8221; button_two_border_width__hover=&#8221;null&#8221; button_border_color__hover_enabled=&#8221;off&#8221; button_border_color__hover=&#8221;null&#8221; button_one_border_color__hover_enabled=&#8221;off&#8221; button_one_border_color__hover=&#8221;null&#8221; button_two_border_color__hover_enabled=&#8221;off&#8221; button_two_border_color__hover=&#8221;null&#8221; button_border_radius__hover_enabled=&#8221;off&#8221; button_border_radius__hover=&#8221;null&#8221; button_one_border_radius__hover_enabled=&#8221;off&#8221; button_one_border_radius__hover=&#8221;null&#8221; button_two_border_radius__hover_enabled=&#8221;off&#8221; button_two_border_radius__hover=&#8221;null&#8221; button_letter_spacing__hover_enabled=&#8221;off&#8221; button_letter_spacing__hover=&#8221;null&#8221; button_one_letter_spacing__hover_enabled=&#8221;off&#8221; button_one_letter_spacing__hover=&#8221;null&#8221; button_two_letter_spacing__hover_enabled=&#8221;off&#8221; button_two_letter_spacing__hover=&#8221;null&#8221; button_bg_color__hover_enabled=&#8221;off&#8221; button_bg_color__hover=&#8221;null&#8221; button_one_bg_color__hover_enabled=&#8221;off&#8221; button_one_bg_color__hover=&#8221;null&#8221; button_two_bg_color__hover_enabled=&#8221;off&#8221; button_two_bg_color__hover=&#8221;null&#8221; \/][\/et_pb_column][\/et_pb_row][\/et_pb_section][et_pb_section bb_built=&#8221;1&#8243; prev_background_color=&#8221;#000000&#8243; _builder_version=&#8221;3.0.105&#8243; module_class=&#8221;pad_top_none pad_bot_none&#8221;][et_pb_row _builder_version=&#8221;3.0.105&#8243; module_class=&#8221;divider&#8221;][et_pb_column type=&#8221;4_4&#8243;][et_pb_image _builder_version=&#8221;3.21.4&#8243; src=&#8221;\/wp-content\/uploads\/2018\/02\/wave-border.png&#8221; show_in_lightbox=&#8221;off&#8221; url_new_window=&#8221;off&#8221; use_overlay=&#8221;off&#8221; always_center_on_mobile=&#8221;on&#8221; force_fullwidth=&#8221;off&#8221; show_bottom_space=&#8221;on&#8221; \/][\/et_pb_column][\/et_pb_row][\/et_pb_section]<\/p>\n","protected":false},"excerpt":{"rendered":"<p><div class=\"et_pb_row et_pb_row_0 et_pb_row_empty\">\n\t\t\t\t\n\t\t\t\t\n\t\t\t\t\n\t\t\t\t\n\t\t\t\t\n\t\t\t<\/div> Vaalea ruokap\u00f6yt\u00e4 metallijaloilla Asiakkaan kanssa tiiviiss\u00e4 yhteisty\u00f6ss\u00e4 suunniteltu ruokap\u00f6yt\u00e4 sai uniikin ilmeen erilaisilla kulmien py\u00f6ristyksill\u00e4. <div class=\"et_pb_row et_pb_row_1 et_pb_row_empty\">\n\t\t\t\t\n\t\t\t\t\n\t\t\t\t\n\t\t\t\t\n\t\t\t\t\n\t\t\t<\/div> T\u00e4ss\u00e4 projektissa asiakkaalla oli eritt\u00e4in selke\u00e4 visio siit\u00e4, mit\u00e4 ominaisuuksia p\u00f6yd\u00e4ll\u00e4 t\u00e4ytyy olla sek\u00e4 millaista muotoilua haetaan. H\u00e4nen toiveissaan oli, ettei kannen kuviointi olisi liian levoton vaan kokonaisvaikutelma olisi rauhallinen.P\u00f6yd\u00e4n kansi on valmistettu valkotammesta. Pohjalle on levitetty kuulas [&hellip;]<\/p>\n","protected":false},"author":1,"featured_media":0,"parent":0,"menu_order":0,"comment_status":"closed","ping_status":"closed","template":"","meta":{"_et_pb_use_builder":"on","_et_pb_old_content":"","_et_gb_content_width":"","footnotes":""},"class_list":["post-217330","page","type-page","status-publish","hentry"],"yoast_head":"<!-- This site is optimized with the Yoast SEO plugin v27.4 - https:\/\/yoast.com\/product\/yoast-seo-wordpress\/ -->\n<title>Vaalea ruokap\u00f6yt\u00e4 metallijaloilla - Puuartisti<\/title>\n<meta name=\"robots\" content=\"index, follow, max-snippet:-1, max-image-preview:large, max-video-preview:-1\" \/>\n<link rel=\"canonical\" href=\"https:\/\/puuartisti.fi\/en\/vaalea-ruokapoyta-metallijaloilla\/\" \/>\n<meta property=\"og:locale\" content=\"en_US\" \/>\n<meta property=\"og:type\" content=\"article\" \/>\n<meta property=\"og:title\" content=\"Vaalea ruokap\u00f6yt\u00e4 metallijaloilla - Puuartisti\" \/>\n<meta property=\"og:description\" content=\"Vaalea ruokap\u00f6yt\u00e4 metallijaloilla Asiakkaan kanssa tiiviiss\u00e4 yhteisty\u00f6ss\u00e4 suunniteltu ruokap\u00f6yt\u00e4 sai uniikin ilmeen erilaisilla kulmien py\u00f6ristyksill\u00e4. T\u00e4ss\u00e4 projektissa asiakkaalla oli eritt\u00e4in selke\u00e4 visio siit\u00e4, mit\u00e4 ominaisuuksia p\u00f6yd\u00e4ll\u00e4 t\u00e4ytyy olla sek\u00e4 millaista muotoilua haetaan. H\u00e4nen toiveissaan oli, ettei kannen kuviointi olisi liian levoton vaan kokonaisvaikutelma olisi rauhallinen.P\u00f6yd\u00e4n kansi on valmistettu valkotammesta. Pohjalle on levitetty kuulas [&hellip;]\" \/>\n<meta property=\"og:url\" content=\"https:\/\/puuartisti.fi\/en\/vaalea-ruokapoyta-metallijaloilla\/\" \/>\n<meta property=\"og:site_name\" content=\"Puuartisti\" \/>\n<meta property=\"article:modified_time\" content=\"2020-03-11T08:15:03+00:00\" \/>\n<meta name=\"twitter:card\" content=\"summary_large_image\" \/>\n<meta name=\"twitter:label1\" content=\"Est. reading time\" \/>\n\t<meta name=\"twitter:data1\" content=\"10 minutes\" \/>\n<script type=\"application\/ld+json\" class=\"yoast-schema-graph\">{\"@context\":\"https:\\\/\\\/schema.org\",\"@graph\":[{\"@type\":\"WebPage\",\"@id\":\"https:\\\/\\\/puuartisti.fi\\\/en\\\/vaalea-ruokapoyta-metallijaloilla\\\/\",\"url\":\"https:\\\/\\\/puuartisti.fi\\\/en\\\/vaalea-ruokapoyta-metallijaloilla\\\/\",\"name\":\"Vaalea ruokap\u00f6yt\u00e4 metallijaloilla - Puuartisti\",\"isPartOf\":{\"@id\":\"https:\\\/\\\/puuartisti.fi\\\/#website\"},\"datePublished\":\"2019-05-08T08:04:18+00:00\",\"dateModified\":\"2020-03-11T08:15:03+00:00\",\"breadcrumb\":{\"@id\":\"https:\\\/\\\/puuartisti.fi\\\/en\\\/vaalea-ruokapoyta-metallijaloilla\\\/#breadcrumb\"},\"inLanguage\":\"en-US\",\"potentialAction\":[{\"@type\":\"ReadAction\",\"target\":[\"https:\\\/\\\/puuartisti.fi\\\/en\\\/vaalea-ruokapoyta-metallijaloilla\\\/\"]}]},{\"@type\":\"BreadcrumbList\",\"@id\":\"https:\\\/\\\/puuartisti.fi\\\/en\\\/vaalea-ruokapoyta-metallijaloilla\\\/#breadcrumb\",\"itemListElement\":[{\"@type\":\"ListItem\",\"position\":1,\"name\":\"Home\",\"item\":\"https:\\\/\\\/puuartisti.fi\\\/en\\\/\"},{\"@type\":\"ListItem\",\"position\":2,\"name\":\"Vaalea ruokap\u00f6yt\u00e4 metallijaloilla\"}]},{\"@type\":\"WebSite\",\"@id\":\"https:\\\/\\\/puuartisti.fi\\\/#website\",\"url\":\"https:\\\/\\\/puuartisti.fi\\\/\",\"name\":\"Puuartisti\",\"description\":\"Merkityst\u00e4 puusta\",\"potentialAction\":[{\"@type\":\"SearchAction\",\"target\":{\"@type\":\"EntryPoint\",\"urlTemplate\":\"https:\\\/\\\/puuartisti.fi\\\/?s={search_term_string}\"},\"query-input\":{\"@type\":\"PropertyValueSpecification\",\"valueRequired\":true,\"valueName\":\"search_term_string\"}}],\"inLanguage\":\"en-US\"}]}<\/script>\n<!-- \/ Yoast SEO plugin. -->","yoast_head_json":{"title":"Vaalea ruokap\u00f6yt\u00e4 metallijaloilla - Puuartisti","robots":{"index":"index","follow":"follow","max-snippet":"max-snippet:-1","max-image-preview":"max-image-preview:large","max-video-preview":"max-video-preview:-1"},"canonical":"https:\/\/puuartisti.fi\/en\/vaalea-ruokapoyta-metallijaloilla\/","og_locale":"en_US","og_type":"article","og_title":"Vaalea ruokap\u00f6yt\u00e4 metallijaloilla - Puuartisti","og_description":"Vaalea ruokap\u00f6yt\u00e4 metallijaloilla Asiakkaan kanssa tiiviiss\u00e4 yhteisty\u00f6ss\u00e4 suunniteltu ruokap\u00f6yt\u00e4 sai uniikin ilmeen erilaisilla kulmien py\u00f6ristyksill\u00e4. T\u00e4ss\u00e4 projektissa asiakkaalla oli eritt\u00e4in selke\u00e4 visio siit\u00e4, mit\u00e4 ominaisuuksia p\u00f6yd\u00e4ll\u00e4 t\u00e4ytyy olla sek\u00e4 millaista muotoilua haetaan. H\u00e4nen toiveissaan oli, ettei kannen kuviointi olisi liian levoton vaan kokonaisvaikutelma olisi rauhallinen.P\u00f6yd\u00e4n kansi on valmistettu valkotammesta. Pohjalle on levitetty kuulas [&hellip;]","og_url":"https:\/\/puuartisti.fi\/en\/vaalea-ruokapoyta-metallijaloilla\/","og_site_name":"Puuartisti","article_modified_time":"2020-03-11T08:15:03+00:00","twitter_card":"summary_large_image","twitter_misc":{"Est. reading time":"10 minutes"},"schema":{"@context":"https:\/\/schema.org","@graph":[{"@type":"WebPage","@id":"https:\/\/puuartisti.fi\/en\/vaalea-ruokapoyta-metallijaloilla\/","url":"https:\/\/puuartisti.fi\/en\/vaalea-ruokapoyta-metallijaloilla\/","name":"Vaalea ruokap\u00f6yt\u00e4 metallijaloilla - Puuartisti","isPartOf":{"@id":"https:\/\/puuartisti.fi\/#website"},"datePublished":"2019-05-08T08:04:18+00:00","dateModified":"2020-03-11T08:15:03+00:00","breadcrumb":{"@id":"https:\/\/puuartisti.fi\/en\/vaalea-ruokapoyta-metallijaloilla\/#breadcrumb"},"inLanguage":"en-US","potentialAction":[{"@type":"ReadAction","target":["https:\/\/puuartisti.fi\/en\/vaalea-ruokapoyta-metallijaloilla\/"]}]},{"@type":"BreadcrumbList","@id":"https:\/\/puuartisti.fi\/en\/vaalea-ruokapoyta-metallijaloilla\/#breadcrumb","itemListElement":[{"@type":"ListItem","position":1,"name":"Home","item":"https:\/\/puuartisti.fi\/en\/"},{"@type":"ListItem","position":2,"name":"Vaalea ruokap\u00f6yt\u00e4 metallijaloilla"}]},{"@type":"WebSite","@id":"https:\/\/puuartisti.fi\/#website","url":"https:\/\/puuartisti.fi\/","name":"Puuartisti","description":"Merkityst\u00e4 puusta","potentialAction":[{"@type":"SearchAction","target":{"@type":"EntryPoint","urlTemplate":"https:\/\/puuartisti.fi\/?s={search_term_string}"},"query-input":{"@type":"PropertyValueSpecification","valueRequired":true,"valueName":"search_term_string"}}],"inLanguage":"en-US"}]}},"_links":{"self":[{"href":"https:\/\/puuartisti.fi\/en\/wp-json\/wp\/v2\/pages\/217330","targetHints":{"allow":["GET"]}}],"collection":[{"href":"https:\/\/puuartisti.fi\/en\/wp-json\/wp\/v2\/pages"}],"about":[{"href":"https:\/\/puuartisti.fi\/en\/wp-json\/wp\/v2\/types\/page"}],"author":[{"embeddable":true,"href":"https:\/\/puuartisti.fi\/en\/wp-json\/wp\/v2\/users\/1"}],"replies":[{"embeddable":true,"href":"https:\/\/puuartisti.fi\/en\/wp-json\/wp\/v2\/comments?post=217330"}],"version-history":[{"count":2,"href":"https:\/\/puuartisti.fi\/en\/wp-json\/wp\/v2\/pages\/217330\/revisions"}],"predecessor-version":[{"id":217336,"href":"https:\/\/puuartisti.fi\/en\/wp-json\/wp\/v2\/pages\/217330\/revisions\/217336"}],"wp:attachment":[{"href":"https:\/\/puuartisti.fi\/en\/wp-json\/wp\/v2\/media?parent=217330"}],"curies":[{"name":"wp","href":"https:\/\/api.w.org\/{rel}","templated":true}]}}